{"id":2019,"date":"2020-05-29T10:31:10","date_gmt":"2020-05-29T08:31:10","guid":{"rendered":"http:\/\/new.vomat.de\/?page_id=2019"},"modified":"2026-01-22T11:11:15","modified_gmt":"2026-01-22T10:11:15","slug":"careers","status":"publish","type":"page","link":"https:\/\/www.vomat.de\/fr\/jobs\/","title":{"rendered":"Emplois"},"content":{"rendered":"<div class=\"wp-block-qubely-row alignfull qubely-section qubely-block-8d1720\"><div class=\"qubely-row-overlay\"><\/div><div class=\"qubely-container\"><div class=\"qubely-row\">\n<div class=\"wp-block-qubely-column qubely-column qubely-column-front qubely-block-600ab4\"><div class=\"qubely-column-inner\">\n<div class=\"wp-block-qubely-heading qubely-block-79cb5e\"><div class=\"qubely-block-heading  qubely-has-separator qubely-separator-position-bottom\"><div class=\"qubely-heading-container\"><h1 class=\"qubely-heading-selector\">EMPLOIS<\/h1><div class=\"qubely-separator qubely-separator-after\"><span class=\"qubely-separator-type-css qubely-separator-solid\"><\/span><\/div><\/div><\/div><\/div>\n<\/div><\/div>\n<\/div><\/div><\/div>\n\n\n\n<div class=\"wp-block-qubely-row alignfull qubely-section qubely-block-2348a8\"><div class=\"qubely-row-overlay\"><\/div><div class=\"qubely-container\"><div class=\"qubely-row\">\n<div class=\"wp-block-qubely-column qubely-column qubely-column-front qubely-block-5beab6\"><div class=\"qubely-column-inner\"><\/div><\/div>\n\n\n\n<div class=\"wp-block-qubely-column qubely-column qubely-column-front qubely-block-89c61e\"><div class=\"qubely-column-inner\">\n<p>En tant qu\u2019entreprise familiale internationale, nous fabriquons des installations de filtration fine ultramodernes dans le vogtois Treuen. Le d\u00e9veloppement et la sp\u00e9cialisation continues de nos syst\u00e8mes de filtration reposent notamment sur la capacit\u00e9 permanente d\u2019innovation de nos collaborateurs. L\u2019extension constante de la gamme des produits et des capacit\u00e9s correspondantes a cr\u00e9\u00e9 et cr\u00e9\u00e9 de nouveaux ateliers et de nouveaux complexes de bureaux. En tant qu\u2019entreprise en pleine croissance, nous vous invitons \u00e0 utiliser l\u2019espace pour s\u2019\u00e9panouir et \u00e0 faire partie de la \u00ab\u00a0famille Vomat\u00a0\u00bb dans une ambiance de travail coll\u00e9gial.<\/p>\n\n\n\n<p>Nous misons sur la coop\u00e9ration, en plus des pr\u00e9cieux postes de travail. Depuis des ann\u00e9es, nous d\u00e9veloppons un r\u00e9seau de partenaires et de repr\u00e9sentants g\u00e9n\u00e9raux national et international. Vous pouvez obtenir un aper\u00e7u sur le lien suivant. Pour certains pays, nous sommes actuellement \u00e0 la recherche de repr\u00e9sentations commerciales. Nous nous r\u00e9jouissons de votre int\u00e9r\u00eat et nous vous invitons. Venez nous voir et travaillez avec nous sur notre succ\u00e8s.<\/p>\n<\/div><\/div>\n\n\n\n<div class=\"wp-block-qubely-column qubely-column qubely-column-front qubely-block-707f13\"><div class=\"qubely-column-inner\"><\/div><\/div>\n<\/div><\/div><\/div>\n\n\n\n<div class=\"wp-block-qubely-row qubely-section qubely-block-d1c2fd\"><div class=\"qubely-row-overlay\"><\/div><div class=\"qubely-container\"><div class=\"qubely-row\">\n<div class=\"wp-block-qubely-column qubely-column qubely-column-front qubely-block-4deb5b\"><div class=\"qubely-column-inner\"><\/div><\/div>\n\n\n\n<div class=\"wp-block-qubely-column qubely-column qubely-column-front qubely-block-d2de8e\"><div class=\"qubely-column-inner\">\n<div class=\"wp-block-qubely-heading aligncenter qubely-block-8cae2d\" id=\"15-vergangene-veranstaltungen\"><div class=\"qubely-block-heading  qubely-has-separator qubely-separator-position-bottom\"><div class=\"qubely-heading-container\"><h3 class=\"qubely-heading-selector\"> Nos offres d\u2019emploi actuelles : <\/h3><div class=\"qubely-separator qubely-separator-after\"><span class=\"qubely-separator-type-css qubely-separator-solid\"><\/span><\/div><\/div><\/div><\/div>\n<\/div><\/div>\n\n\n\n<div class=\"wp-block-qubely-column qubely-column qubely-column-front qubely-block-0164c3\"><div class=\"qubely-column-inner\"><\/div><\/div>\n<\/div><\/div><\/div>\n\n\n\n<div class=\"wp-block-qubely-row qubely-section qubely-block-cca9c1\"><div class=\"qubely-row-overlay\"><\/div><div class=\"qubely-container\"><div class=\"qubely-row\">\n<div class=\"wp-block-qubely-column qubely-column qubely-column-front qubely-block-1b7319\"><div class=\"qubely-column-inner\"><\/div><\/div>\n\n\n\n<div class=\"wp-block-qubely-column qubely-column qubely-column-front qubely-block-890aad\"><div class=\"qubely-column-inner\">\n<div class=\"wp-block-qubely-wrapper qubely-block-102fdf\"><div class=\"qubely-block-wrapper-block\">\n<div class=\"wp-block-qubely-infobox qubely-block-688ab0\"><div class=\"qubely-block-info-box  qubely-info-box-layout-2\"><div class=\"qubely-info-box-media qubely-media-has-bg\"><i class=\"qubely-info-box-icon fas fa-cogs\"><\/i><\/div><div class=\"qubely-info-box-body\"><div class=\"qubely-info-box-title-container qubely-has-separator qubely-separator-position-bottom\"><div class=\"qubely-info-box-title-inner\"><h5 class=\"qubely-info-box-title\">Technicien de service ou m\u00e9catronicien en \u00e9lectrotechnique (h\/f)<\/h5><div class=\"qubely-separator qubely-separator-after\"><span class=\"qubely-separator-type-css qubely-separator-solid\"><\/span><\/div><\/div><\/div><div class=\"qubely-info-box-content\"><div class=\"qubely-info-box-text\"><\/div><\/div><div class=\"qubely-block-btn-wrapper\"><div class=\"qubely-block-btn\"><a class=\"qubely-block-btn-anchor is-medium\" href=\"https:\/\/www.vomat.de\/wp-content\/uploads\/2021\/09\/servicetechniker-092021.pdf\" target=\"_blank\" rel=\"nofollow noopener noreferrer\">Plus<\/a><\/div><\/div><\/div><\/div><\/div>\n<\/div><\/div>\n<\/div><\/div>\n\n\n\n<div class=\"wp-block-qubely-column qubely-column qubely-column-front qubely-block-b7daff\"><div class=\"qubely-column-inner\"><\/div><\/div>\n<\/div><\/div><\/div>","protected":false},"excerpt":{"rendered":"","protected":false},"author":1,"featured_media":0,"parent":0,"menu_order":0,"comment_status":"closed","ping_status":"closed","template":"","meta":{"qubely_global_settings":"","qubely_interactions":"","footnotes":""},"class_list":["post-2019","page","type-page","status-publish","hentry"],"blocksy_meta":{"styles_descriptor":{"styles":{"desktop":"","tablet":"","mobile":""},"google_fonts":[],"version":6}},"_links":{"self":[{"href":"https:\/\/www.vomat.de\/fr\/wp-json\/wp\/v2\/pages\/2019","targetHints":{"allow":["GET"]}}],"collection":[{"href":"https:\/\/www.vomat.de\/fr\/wp-json\/wp\/v2\/pages"}],"about":[{"href":"https:\/\/www.vomat.de\/fr\/wp-json\/wp\/v2\/types\/page"}],"author":[{"embeddable":true,"href":"https:\/\/www.vomat.de\/fr\/wp-json\/wp\/v2\/users\/1"}],"replies":[{"embeddable":true,"href":"https:\/\/www.vomat.de\/fr\/wp-json\/wp\/v2\/comments?post=2019"}],"version-history":[{"count":17,"href":"https:\/\/www.vomat.de\/fr\/wp-json\/wp\/v2\/pages\/2019\/revisions"}],"predecessor-version":[{"id":3844,"href":"https:\/\/www.vomat.de\/fr\/wp-json\/wp\/v2\/pages\/2019\/revisions\/3844"}],"wp:attachment":[{"href":"https:\/\/www.vomat.de\/fr\/wp-json\/wp\/v2\/media?parent=2019"}],"curies":[{"name":"wp","href":"https:\/\/api.w.org\/{rel}","templated":true}]}}