{"id":1996,"date":"2020-04-20T07:37:02","date_gmt":"2020-04-20T05:37:02","guid":{"rendered":"http:\/\/new.vomat.de\/?page_id=1996"},"modified":"2022-06-27T19:43:53","modified_gmt":"2022-06-27T17:43:53","slug":"site-notice-and-data-privacy-policy","status":"publish","type":"page","link":"https:\/\/www.vomat.de\/fr\/impressum-datenschutz\/","title":{"rendered":"Mentions l\u00e9gales et Protection des donn\u00e9es"},"content":{"rendered":"<div class=\"wp-block-qubely-row alignfull qubely-section qubely-block-5ffcdb\"><div class=\"qubely-row-overlay\"><\/div><div class=\"qubely-container\"><div class=\"qubely-row\">\n<div class=\"wp-block-qubely-column qubely-column qubely-column-front qubely-block-e9d7ff\"><div class=\"qubely-column-inner\">\n<div class=\"wp-block-qubely-heading qubely-block-7a9fd7\"><div class=\"qubely-block-heading  qubely-has-separator qubely-separator-position-bottom\"><div class=\"qubely-heading-container\"><h1 class=\"qubely-heading-selector\">Mentions l\u00e9gales et Protection des donn\u00e9es<\/h1><div class=\"qubely-separator qubely-separator-after\"><span class=\"qubely-separator-type-css qubely-separator-solid\"><\/span><\/div><\/div><\/div><\/div>\n<\/div><\/div>\n<\/div><\/div><\/div>\n\n\n\n<div class=\"wp-block-qubely-row qubely-section qubely-block-278d01\"><div class=\"qubely-row-overlay\"><\/div><div class=\"qubely-container\"><div class=\"qubely-row\">\n<div class=\"wp-block-qubely-column qubely-column qubely-column-front qubely-block-7f4957\"><div class=\"qubely-column-inner\"><\/div><\/div>\n\n\n\n<div class=\"wp-block-qubely-column qubely-column qubely-column-front qubely-block-b10867\"><div class=\"qubely-column-inner\">\n<h2 class=\"has-text-align-center wp-block-heading\">Mentions l\u00e9gales<\/h2>\n\n\n\n<p><strong>Vomat GmbH<\/strong><br><strong>Am Wasserturm 2<\/strong><br><strong>08233 Treuen<\/strong><br>HRB 29793, Amtsgericht Chemnitz<br>G\u00e9rant : Matthias Leipoldt, Dipl.-Ing. (TU)<br>TVA intracommunautaire : DE 301 641 737<\/p>\n\n\n\n<p>T\u00e9l\u00e9phone : +49 (0) 3 74 68 \/ 67 80 \u2013 0<br>T\u00e9l\u00e9copie : +49 (0) 3 74 68 \/ 67 80 \u2013 10<\/p>\n\n\n\n<p>E-Mail: info@vomat.de<\/p>\n\n\n\n<p>Malgr\u00e9 un contr\u00f4le de fond minutieux, nous d\u00e9clinons toute responsabilit\u00e9 pour le contenu des liens externes. Le contenu des pages li\u00e9es est exclusivement responsable de leurs op\u00e9rateurs.<\/p>\n\n\n\n<p>Les noms et les marques prot\u00e9g\u00e9s ne sont pas connus en tant que tels sur cette page d\u2019accueil. Cela ne signifie pas qu\u2019il s\u2019agit de noms libres au sens du droit des marques. Le site web du propri\u00e9taire peut avoir \u00e9t\u00e9 li\u00e9 par un lien hypertexte \u00e0 partir d\u2019une autre page web \u00e0 l\u2019insu de ce site. Le propri\u00e9taire n\u2019assume aucune responsabilit\u00e9 pour les repr\u00e9sentations, le contenu ou toute connexion avec lui dans les pages Web de tiers. Aucune responsabilit\u00e9 n\u2019est engag\u00e9e pour l\u2019exactitude des textes et des repr\u00e9sentations sur cette adresse internet. Nous sommes en d\u00e9saccord avec l\u2019utilisation de nos donn\u00e9es \u00e0 des fins de marketing, selon \u00a7 \u00a7 28, 29 BDSG et signalons que la publicit\u00e9 par e-mail non demand\u00e9 est ill\u00e9gale et justifie des avertissements payants.<\/p>\n\n\n\n<p>Le copyright des objets que nous avons cr\u00e9\u00e9s reste chez nous. La reproduction ou l\u2019utilisation de ces photographies, graphiques, documents sonores, s\u00e9quences vid\u00e9o et textes dans d\u2019autres publications \u00e9lectroniques ou imprim\u00e9es ne sont pas autoris\u00e9s sans notre consentement explicite.<\/p>\n\n\n\n<h2 class=\"has-text-align-center wp-block-heading\">Protection des donn\u00e9es<\/h2>\n\n\n\n<p>La s\u00e9curit\u00e9 de vos donn\u00e9es personnelles est une pr\u00e9occupation majeure pour nous. C\u2019est pourquoi nous menons nos activit\u00e9s web conform\u00e9ment aux lois sur la protection des donn\u00e9es et la s\u00e9curit\u00e9 des donn\u00e9es. Vous d\u00e9couvrirez ci-dessous les informations que nous recueillons le cas \u00e9ch\u00e9ant et comment nous les g\u00e9rons.<\/p>\n\n\n\n<h4 class=\"wp-block-heading\">Donn\u00e9es \u00e0 caract\u00e8re personnel <\/h4>\n\n\n\n<p>Dans le cadre d\u2019une demande de contact, vous pouvez nous fournir vos donn\u00e9es personnelles sur une base volontaire. Nous utilisons g\u00e9n\u00e9ralement vos donn\u00e9es personnelles pour r\u00e9pondre \u00e0 votre demande, pour traiter votre commande ou pour vous donner acc\u00e8s \u00e0 des informations ou offres sp\u00e9cifiques. Vos donn\u00e9es ne seront pas transmises \u00e0 des tiers.<\/p>\n\n\n\n<p>Nous supprimerons imm\u00e9diatement les donn\u00e9es inutiles, \u00e0 moins que les d\u00e9lais de conservation l\u00e9gaux ne s\u2019y opposent.<\/p>\n\n\n\n<p>Vous avez le droit \u00e0 tout moment d\u2019obtenir gratuitement des informations sur l\u2019origine, le destinataire et le but de vos donn\u00e9es personnelles stock\u00e9es. Vous avez \u00e9galement le droit de demander la rectification, le blocage ou la suppression de ces donn\u00e9es.<\/p>\n\n\n\n<h4 class=\"wp-block-heading\">R\u00e9vocation de votre consentement au traitement des donn\u00e9es<\/h4>\n\n\n\n<p>De nombreuses op\u00e9rations de traitement des donn\u00e9es ne sont possibles qu\u2019avec votre consentement explicite. Vous pouvez r\u00e9voquer \u00e0 tout moment un consentement d\u00e9j\u00e0 donn\u00e9. Il suffit d\u2019une communication informelle par courrier \u00e9lectronique. La r\u00e9vocation n\u2019affecte pas la l\u00e9galit\u00e9 du traitement des donn\u00e9es jusqu\u2019\u00e0 la r\u00e9vocation.<\/p>\n\n\n\n<h4 class=\"wp-block-heading\">Droit \u00e0 la portabilit\u00e9 des donn\u00e9es<\/h4>\n\n\n\n<p>Vous avez le droit de faire remettre des donn\u00e9es que nous traitons automatiquement sur la base de votre consentement ou en ex\u00e9cution d\u2019un contrat, soit \u00e0 un tiers dans un format couramment lisible par machine. Si vous demandez le transfert direct des donn\u00e9es \u00e0 un autre responsable, cela ne se fera que dans la mesure o\u00f9 cela est techniquement faisable.<\/p>\n\n\n\n<h4 class=\"wp-block-heading\">Informations g\u00e9n\u00e9rales <\/h4>\n\n\n\n<p>Lors de la visite de notre site Web, votre comportement de navigation peut \u00eatre \u00e9valu\u00e9 statistiquement. Cela se fait surtout avec les cookies et les programmes d\u2019analyse. L\u2019analyse de votre comportement de surf est g\u00e9n\u00e9ralement anonyme, le comportement de surf ne peut pas \u00eatre retrac\u00e9 vers vous. Vous pouvez contredire cette analyse ou la pr\u00e9venir en ne utilisant pas certains outils. Lorsque vous acc\u00e9d\u00e9 \u00e0 nos sites Web ou que vous r\u00e9cup\u00e9rez un fichier, les donn\u00e9es relatives \u00e0 ce processus seront stock\u00e9es dans un fichier journal sur notre serveur web.<\/p>\n\n\n\n<p>Les donn\u00e9es suivantes peuvent \u00eatre stock\u00e9es en d\u00e9tail: adresse IP; le nom de domaine du site d\u2019o\u00f9 vous venez; les sites que vous avez visit\u00e9s dans notre offre; les noms des fichiers r\u00e9cup\u00e9r\u00e9s; la date et l\u2019heure de la consultation; le nom de votre fournisseur de services Internet et, le cas \u00e9ch\u00e9ant, le syst\u00e8me d\u2019exploitation et la version de navigateur de votre PC.<\/p>\n\n\n\n<p>Une partie des donn\u00e9es est collect\u00e9e afin de garantir une mise \u00e0 disposition sans faille du site. D\u2019autres donn\u00e9es peuvent \u00eatre utilis\u00e9es pour analyser le comportement de votre utilisateur. L\u2019analyse statistique des enregistrements anonymis\u00e9s est r\u00e9serv\u00e9e.<\/p>\n\n\n\n<h4 class=\"wp-block-heading\">Outils d\u2019analyse et outils tiers<\/h4>\n\n\n\n<p><strong>YouTube<\/strong><\/p>\n\n\n\n<p>Notre site utilise des plugins du site YouTube exploit\u00e9 par Google. L\u2019exploitant des sites est YouTube, LLC, 901 Cherry Ave., San Bruno, CA 94066, \u00c9tats-Unis.<\/p>\n\n\n\n<p>Si vous visitez l\u2019une de nos pages \u00e9quip\u00e9es d\u2019un plugin YouTube, une connexion aux serveurs de YouTube est \u00e9tablie. Le serveur YouTube est inform\u00e9 des pages que vous avez visit\u00e9es. Si vous \u00eates connect\u00e9 \u00e0 votre compte YouTube, vous pouvez permettre \u00e0 YouTube d\u2019associer directement votre comportement de navigation \u00e0 votre profil personnel. Vous pouvez emp\u00eacher cela en vous d\u00e9connectant de votre compte YouTube. L\u2019utilisation de YouTube est faite dans l\u2019int\u00e9r\u00eat d\u2019une pr\u00e9sentation attrayante de nos offres en ligne. Il s\u2019agit d\u2019un int\u00e9r\u00eat l\u00e9gitime au sens de l\u2019article 6, paragraphe 1, point f). Pour plus d\u2019informations sur le traitement des donn\u00e9es des utilisateurs, consultez la d\u00e9claration de confidentialit\u00e9 de YouTube.<\/p>\n\n\n\n<p><strong>Google Analytics<\/strong><\/p>\n\n\n\n<p>Ce site web utilise Google Analytics, un service d\u2019analyse web de Google Inc. (\u00ab\u00a0Google\u00a0\u00bb). Google Analytics utilise des cookies. Les informations g\u00e9n\u00e9r\u00e9es par le cookie concernant votre utilisation de ce site Web sont transmises et stock\u00e9es \u00e0 un serveur de Google (g\u00e9n\u00e9ralement dans l\u2019ESPACE UE\/EEE). Le stockage anonymis\u00e9 de votre adresse IP (c\u2019est-\u00e0-dire la r\u00e9duction de la derni\u00e8re octotet) demand\u00e9 par la loi sur la protection des donn\u00e9es est garanti. Ce n\u2019est que dans des cas exceptionnels que l\u2019adresse IP compl\u00e8te est transf\u00e9r\u00e9e \u00e0 un serveur de Google aux \u00c9tats-Unis et y est stock\u00e9e de mani\u00e8re abr\u00e9g\u00e9e. Pour le compte de VOMAT GmbH, Google utilisera ces informations pour \u00e9valuer votre utilisation de ce site et pour compiler des rapports sur les activit\u00e9s du site. L\u2019adresse IP fournie par votre navigateur dans le cadre de Google Analytics ne sera pas fusionn\u00e9es avec d\u2019autres donn\u00e9es de Google. Vous pouvez vous opposer \u00e0 la cr\u00e9ation de profils d\u2019utilisation et donc les emp\u00eacher en t\u00e9l\u00e9chargeant et en installant le plugin de navigateur disponible. &nbsp;<\/p>\n\n\n\n<p><strong>Utilisation Formulaire de contact <\/strong><strong><\/strong><\/p>\n\n\n\n<p>Par d\u00e9rogation \u00e0 la d\u00e9claration g\u00e9n\u00e9rale de confidentialit\u00e9 sur notre site Internet et les conditions g\u00e9n\u00e9rales de vente, le formulaire de contact est soumis \u00e0 la d\u00e9claration de confidentialit\u00e9 sp\u00e9cifique suivante, qui est applicable aux r\u00e8gles g\u00e9n\u00e9rales:<\/p>\n\n\n\n<p>Les donn\u00e9es que vous fournissez lors de la demande de contact sont collect\u00e9es, trait\u00e9es et utilis\u00e9es par VOMAT GmbH, Am Wasserturm 2, 08233 Treuen et les prestataires de services mandat\u00e9s par elle pour traiter et r\u00e9pondre \u00e0 votre demande conform\u00e9ment aux dispositions en vigueur de la loi f\u00e9d\u00e9rale sur la protection des donn\u00e9es (BDSG).<\/p>\n\n\n\n<p><strong>S\u00e9curit\u00e9 <\/strong><strong><\/strong><\/p>\n\n\n\n<p>VOMAT GmbH prend des dispositions pour garantir la s\u00e9curit\u00e9 de vos donn\u00e9es personnelles. Vos donn\u00e9es sont prot\u00e9g\u00e9es scrupuleusement contre la perte, la destruction, la falsification, la manipulation et l\u2019acc\u00e8s non autoris\u00e9 ou la divulgation non autoris\u00e9e.<\/p>\n\n\n\n<p><strong>Liens vers d\u2019autres sites <\/strong><strong><\/strong><\/p>\n\n\n\n<p>Les sites Web de Vomat contiennent des liens vers d\u2019autres sites. VOMAT GmbH n\u2019est pas responsable des strat\u00e9gies de protection des donn\u00e9es ou du contenu de ces autres sites.<\/p>\n\n\n\n<p><strong>Questions et observations <\/strong><strong><\/strong><\/p>\n\n\n\n<p>Si vous avez des questions ou des commentaires sur la protection des donn\u00e9es de VOMAT GmbH (par exemple, pour consulter et mettre \u00e0 jour vos donn\u00e9es personnelles), veuillez nous contacter sous le mot-cl\u00e9 \u00ab\u00a0Protection des donn\u00e9es\u00a0\u00bb. Le d\u00e9veloppement de l\u2019internet a \u00e9galement une incidence sur notre strat\u00e9gie de protection des donn\u00e9es. Nous annoncerons les changements \u00e0 temps sur cette page.<\/p>\n<\/div><\/div>\n\n\n\n<div class=\"wp-block-qubely-column qubely-column qubely-column-front qubely-block-0b4124\"><div class=\"qubely-column-inner\"><\/div><\/div>\n<\/div><\/div><\/div>\n\n\n\n<div style=\"height:100px\" aria-hidden=\"true\" class=\"wp-block-spacer\"><\/div>","protected":false},"excerpt":{"rendered":"","protected":false},"author":1,"featured_media":0,"parent":0,"menu_order":0,"comment_status":"closed","ping_status":"closed","template":"","meta":{"qubely_global_settings":"","qubely_interactions":"","footnotes":""},"class_list":["post-1996","page","type-page","status-publish","hentry"],"blocksy_meta":{"styles_descriptor":{"styles":{"desktop":"","tablet":"","mobile":""},"google_fonts":[],"version":6}},"_links":{"self":[{"href":"https:\/\/www.vomat.de\/fr\/wp-json\/wp\/v2\/pages\/1996","targetHints":{"allow":["GET"]}}],"collection":[{"href":"https:\/\/www.vomat.de\/fr\/wp-json\/wp\/v2\/pages"}],"about":[{"href":"https:\/\/www.vomat.de\/fr\/wp-json\/wp\/v2\/types\/page"}],"author":[{"embeddable":true,"href":"https:\/\/www.vomat.de\/fr\/wp-json\/wp\/v2\/users\/1"}],"replies":[{"embeddable":true,"href":"https:\/\/www.vomat.de\/fr\/wp-json\/wp\/v2\/comments?post=1996"}],"version-history":[{"count":6,"href":"https:\/\/www.vomat.de\/fr\/wp-json\/wp\/v2\/pages\/1996\/revisions"}],"predecessor-version":[{"id":3666,"href":"https:\/\/www.vomat.de\/fr\/wp-json\/wp\/v2\/pages\/1996\/revisions\/3666"}],"wp:attachment":[{"href":"https:\/\/www.vomat.de\/fr\/wp-json\/wp\/v2\/media?parent=1996"}],"curies":[{"name":"wp","href":"https:\/\/api.w.org\/{rel}","templated":true}]}}