{"id":1847,"date":"2020-04-18T20:35:39","date_gmt":"2020-04-18T18:35:39","guid":{"rendered":"http:\/\/new.vomat.de\/?page_id=1847"},"modified":"2023-02-01T15:34:14","modified_gmt":"2023-02-01T14:34:14","slug":"products","status":"publish","type":"page","link":"https:\/\/www.vomat.de\/fr\/produkte\/","title":{"rendered":"Produits"},"content":{"rendered":"<div class=\"wp-block-qubely-row alignfull qubely-section qubely-block-b560ca\"><div class=\"qubely-row-overlay\"><\/div><div class=\"qubely-container\"><div class=\"qubely-row\">\n<div class=\"wp-block-qubely-column qubely-column qubely-column-front qubely-block-abef4d\"><div class=\"qubely-column-inner\">\n<div class=\"wp-block-qubely-heading qubely-block-f8c8f3\"><div class=\"qubely-block-heading  qubely-has-separator qubely-separator-position-bottom\"><div class=\"qubely-heading-container\"><h1 class=\"qubely-heading-selector\">PRODUITS<\/h1><div class=\"qubely-separator qubely-separator-after\"><span class=\"qubely-separator-type-css qubely-separator-solid\"><\/span><\/div><\/div><\/div><\/div>\n<\/div><\/div>\n<\/div><\/div><\/div>\n\n\n\n<div class=\"wp-block-qubely-row alignfull qubely-section qubely-block-d7e2ad\"><div class=\"qubely-row-overlay\"><\/div><div class=\"qubely-container\"><div class=\"qubely-row\">\n<div class=\"wp-block-qubely-column qubely-column qubely-column-front qubely-block-41284d\"><div class=\"qubely-column-inner\">\n<div class=\"wp-block-qubely-heading qubely-block-6ab8c9\"><div class=\"qubely-block-heading  qubely-has-separator qubely-separator-position-bottom\"><div class=\"qubely-heading-container\"><h2 class=\"qubely-heading-selector\">Pourquoi des syst\u00e8mes de filtration fine Vomat ?<\/h2><div class=\"qubely-separator qubely-separator-after\"><span class=\"qubely-separator-type-css qubely-separator-solid\"><\/span><\/div><\/div><\/div><\/div>\n\n\n\n<div class=\"wp-block-qubely-text qubely-block-de59f1\"><div class=\"qubely-block-text\"><p class=\"translation-block\">Dans de nombreux secteurs de l\u2019industrie m\u00e9tallurgique, des lubrifiants r\u00e9frig\u00e9rants de haute puret\u00e9 (NAS 7\/8 bzw. 3-5 \u00b5m) sont n\u00e9cessaires. Les technologies ont \u00e9t\u00e9 tr\u00e8s diverses pour atteindre cet objectif. Afin de vous offrir une solution rentable et optimale, nous avons d\u00e9velopp\u00e9 le syst\u00e8me de filtration Vomat en coop\u00e9ration avec des entreprises exp\u00e9riment\u00e9es dans la fabrication de machines et d\u2019outils coupants et dans le secteur de la rectification des m\u00e9taux.<br><br>Notre exp\u00e9rience de plusieurs ann\u00e9es avec les compositions de mat\u00e9riaux les plus diverses garantit votre succ\u00e8s. En outre, nous avons con\u00e7u des solutions jusqu\u2019\u00e0 +\/- 0,5 K pour le refroidissement de votre lubrifiant r\u00e9frig\u00e9rant afin d\u2019obtenir la qualit\u00e9 optimale de votre produit.<\/p><\/div><\/div>\n<\/div><\/div>\n\n\n\n<div class=\"wp-block-qubely-column qubely-column qubely-column-front qubely-block-44b96c\"><div class=\"qubely-column-inner\">\n<div class=\"wp-block-qubely-image qubely-block-65eb13\"><div class=\"qubely-block-image  qubely-image-layout-simple\"><div class=\"qubely-image-media qubely-vertical-alignment-center qubely-horizontal-alignment-center\"><figure><div class=\"qubely-image-container\"><img decoding=\"async\" class=\"qubely-image-image\" src=\"https:\/\/www.vomat.de\/wp-content\/uploads\/2021\/02\/web-Messe-2018-04.jpg\" alt=\"\"\/><\/div><\/figure><\/div><\/div><\/div>\n<\/div><\/div>\n<\/div><\/div><\/div>\n\n\n\n<div class=\"wp-block-qubely-row alignfull qubely-section qubely-block-232023\"><div class=\"qubely-row-overlay\"><\/div><div class=\"qubely-container\"><div class=\"qubely-row\">\n<div class=\"wp-block-qubely-column qubely-column qubely-column-front qubely-block-3fc6f7\"><div class=\"qubely-column-inner\">\n<div class=\"wp-block-qubely-heading alignfull qubely-block-5d3f66\"><div class=\"qubely-block-heading  qubely-has-separator qubely-separator-position-bottom\"><div class=\"qubely-heading-container\"><h2 class=\"qubely-heading-selector\">APER\u00c7U DES PRODUITS<\/h2><div class=\"qubely-separator qubely-separator-after\"><span class=\"qubely-separator-type-css qubely-separator-solid\"><\/span><\/div><\/div><\/div><\/div>\n<\/div><\/div>\n<\/div><\/div><\/div>\n\n\n\n<div class=\"wp-block-qubely-row alignfull qubely-section qubely-block-74653a\"><div class=\"qubely-row-overlay\"><\/div><div class=\"qubely-container\"><div class=\"qubely-row\">\n<div class=\"wp-block-qubely-column qubely-column qubely-column-front qubely-block-a96683\"><div class=\"qubely-column-inner\">\n<div class=\"wp-block-qubely-wrapper qubely-block-43ebe6\"><div class=\"qubely-block-wrapper-block\">\n<div class=\"wp-block-qubely-image qubely-block-d8bdd0\"><div class=\"qubely-block-image  qubely-image-layout-simple\"><div class=\"qubely-image-media qubely-vertical-alignment-center qubely-horizontal-alignment-center\"><figure><div class=\"qubely-image-container\"><a href=\"https:\/\/www.vomat.de\/wp-content\/uploads\/2021\/02\/FA-70-DE.pdf\" target=\"_blank\" rel=\"noopener noreferrer\"><img decoding=\"async\" class=\"qubely-image-image\" src=\"https:\/\/www.vomat.de\/wp-content\/uploads\/2020\/12\/Vomat-FA-70-Dark-e1607984358240.png\" alt=\"Kleinanlage Vomat FA 70+\"\/><\/a><\/div><\/figure><\/div><\/div><\/div>\n\n\n\n<div class=\"wp-block-qubely-heading qubely-block-a098fb\"><div class=\"qubely-block-heading  qubely-has-separator qubely-separator-position-top\"><div class=\"qubely-heading-container\"><div class=\"qubely-separator qubely-separator-before\"><span class=\"qubely-separator-type-css qubely-separator-solid\"><\/span><\/div><h2 class=\"qubely-heading-selector\">Petite installation FA 70+<\/h2><\/div><\/div><\/div>\n<\/div><\/div>\n\n\n\n<div class=\"wp-block-qubely-wrapper qubely-block-658d93\"><div class=\"qubely-block-wrapper-block\">\n<div class=\"wp-block-qubely-image qubely-block-20a096\"><div class=\"qubely-block-image  qubely-image-layout-simple\"><div class=\"qubely-image-media qubely-vertical-alignment-center qubely-horizontal-alignment-center\"><figure><div class=\"qubely-image-container\"><a href=\"https:\/\/www.vomat.de\/wp-content\/uploads\/2023\/02\/UBF-DE-022023.pdf\" target=\"_blank\" rel=\"noopener noreferrer\"><img decoding=\"async\" class=\"qubely-image-image\" src=\"https:\/\/www.vomat.de\/wp-content\/uploads\/2020\/12\/UBF-Front-e1607986382445.png\" alt=\"\"\/><\/a><\/div><\/figure><\/div><\/div><\/div>\n\n\n\n<div class=\"wp-block-qubely-heading qubely-block-a4cbf6\"><div class=\"qubely-block-heading  qubely-has-separator qubely-separator-position-top\"><div class=\"qubely-heading-container\"><div class=\"qubely-separator qubely-separator-before\"><span class=\"qubely-separator-type-css qubely-separator-solid\"><\/span><\/div><h2 class=\"qubely-heading-selector\">Filtre \u00e0 bande sous pression UBF<\/h2><\/div><\/div><\/div>\n<\/div><\/div>\n\n\n\n<div class=\"wp-block-qubely-wrapper qubely-block-76b614\"><div class=\"qubely-block-wrapper-block\">\n<div class=\"wp-block-qubely-image qubely-block-f18e4c\"><div class=\"qubely-block-image  qubely-image-layout-simple\"><div class=\"qubely-image-media qubely-vertical-alignment-center qubely-horizontal-alignment-center\"><figure><div class=\"qubely-image-container\"><a href=\"https:\/\/www.vomat.de\/wp-content\/uploads\/2023\/02\/LBG-DE-web-022023.pdf\" target=\"_blank\" rel=\"noopener noreferrer\"><img decoding=\"async\" class=\"qubely-image-image\" src=\"https:\/\/www.vomat.de\/wp-content\/uploads\/2022\/09\/lbg.jpg\" alt=\"\"\/><\/a><\/div><\/figure><\/div><\/div><\/div>\n\n\n\n<div class=\"wp-block-qubely-heading qubely-block-ddb6b7\"><div class=\"qubely-block-heading  qubely-has-separator qubely-separator-position-top\"><div class=\"qubely-heading-container\"><div class=\"qubely-separator qubely-separator-before\"><span class=\"qubely-separator-type-css qubely-separator-solid\"><\/span><\/div><h2 class=\"qubely-heading-selector\">LBG<\/h2><\/div><\/div><\/div>\n<\/div><\/div>\n<\/div><\/div>\n\n\n\n<div class=\"wp-block-qubely-column qubely-column qubely-column-front qubely-block-45d566\"><div class=\"qubely-column-inner\">\n<div class=\"wp-block-qubely-wrapper qubely-block-635b21\"><div class=\"qubely-block-wrapper-block\">\n<div class=\"wp-block-qubely-image qubely-block-d656a9\"><div class=\"qubely-block-image  qubely-image-layout-simple\"><div class=\"qubely-image-media qubely-vertical-alignment-center qubely-horizontal-alignment-center\"><figure><div class=\"qubely-image-container\"><a href=\"https:\/\/www.vomat.de\/wp-content\/uploads\/2021\/08\/fa120-420-de.pdf\" target=\"_blank\" rel=\"noopener noreferrer\"><img decoding=\"async\" class=\"qubely-image-image\" src=\"https:\/\/www.vomat.de\/wp-content\/uploads\/2020\/12\/Vomat-FA-240-01-e1607985505454.jpg\" alt=\"\"\/><\/a><\/div><\/figure><\/div><\/div><\/div>\n\n\n\n<div class=\"wp-block-qubely-heading qubely-block-639290\"><div class=\"qubely-block-heading  qubely-has-separator qubely-separator-position-top\"><div class=\"qubely-heading-container\"><div class=\"qubely-separator qubely-separator-before\"><span class=\"qubely-separator-type-css qubely-separator-solid\"><\/span><\/div><h2 class=\"qubely-heading-selector\">Installations compactes FA 120-420<\/h2><\/div><\/div><\/div>\n<\/div><\/div>\n\n\n\n<div class=\"wp-block-qubely-wrapper qubely-block-8cde24\"><div class=\"qubely-block-wrapper-block\">\n<div class=\"wp-block-qubely-image qubely-block-12af43\"><div class=\"qubely-block-image  qubely-image-layout-simple\"><div class=\"qubely-image-media qubely-vertical-alignment-center qubely-horizontal-alignment-center\"><figure><div class=\"qubely-image-container\"><a href=\"https:\/\/www.vomat.de\/wp-content\/uploads\/2021\/08\/zfa1200-de.pdf\" target=\"_blank\" rel=\"noopener noreferrer\"><img decoding=\"async\" class=\"qubely-image-image\" src=\"https:\/\/www.vomat.de\/wp-content\/uploads\/2021\/02\/ZFA-1200.jpg\" alt=\"\"\/><\/a><\/div><\/figure><\/div><\/div><\/div>\n\n\n\n<div class=\"wp-block-qubely-heading qubely-block-04fcd1\"><div class=\"qubely-block-heading  qubely-has-separator qubely-separator-position-top\"><div class=\"qubely-heading-container\"><div class=\"qubely-separator qubely-separator-before\"><span class=\"qubely-separator-type-css qubely-separator-solid\"><\/span><\/div><h2 class=\"qubely-heading-selector\">Installation centralis\u00e9e ZFA 1200  <\/h2><\/div><h4 class=\"qubely-sub-heading-selector\">(Extension possible sans limite)<\/h4><\/div><\/div>\n<\/div><\/div>\n\n\n\n<div class=\"wp-block-qubely-wrapper qubely-block-eeb720\"><div class=\"qubely-block-wrapper-block\">\n<div class=\"wp-block-qubely-image qubely-block-eb7bd2\"><div class=\"qubely-block-image  qubely-image-layout-simple\"><div class=\"qubely-image-media qubely-vertical-alignment-center qubely-horizontal-alignment-center\"><figure><div class=\"qubely-image-container\"><a href=\"https:\/\/www.vomat.de\/wp-content\/uploads\/2021\/02\/Zusatz-DE.pdf\" target=\"_blank\" rel=\"noopener noreferrer\"><img decoding=\"async\" class=\"qubely-image-image\" src=\"https:\/\/www.vomat.de\/wp-content\/uploads\/2021\/03\/zusatzkomponenten-scaled.jpg\" alt=\"\"\/><\/a><\/div><\/figure><\/div><\/div><\/div>\n\n\n\n<div class=\"wp-block-qubely-heading qubely-block-5fe34f\"><div class=\"qubely-block-heading  qubely-has-separator qubely-separator-position-top\"><div class=\"qubely-heading-container\"><div class=\"qubely-separator qubely-separator-before\"><span class=\"qubely-separator-type-css qubely-separator-solid\"><\/span><\/div><h2 class=\"qubely-heading-selector\">Composants suppl\u00e9mentaires<\/h2><\/div><\/div><\/div>\n\n\n\n<p><\/p>\n<\/div><\/div>\n\n\n\n<p><\/p>\n<\/div><\/div>\n\n\n\n<div class=\"wp-block-qubely-column qubely-column qubely-column-front qubely-block-cdc183\"><div class=\"qubely-column-inner\">\n<div class=\"wp-block-qubely-wrapper qubely-block-469257\"><div class=\"qubely-block-wrapper-block\">\n<div class=\"wp-block-qubely-image qubely-block-98f6c3\"><div class=\"qubely-block-image  qubely-image-layout-simple\"><div class=\"qubely-image-media qubely-vertical-alignment-center qubely-horizontal-alignment-center\"><figure><div class=\"qubely-image-container\"><a href=\"https:\/\/www.vomat.de\/wp-content\/uploads\/2021\/08\/fa480-960-de.pdf\" target=\"_blank\" rel=\"noopener noreferrer\"><img decoding=\"async\" class=\"qubely-image-image\" src=\"https:\/\/www.vomat.de\/wp-content\/uploads\/2020\/12\/FA-960-ohne-Pumpen-2-e1607985831807.jpg\" alt=\"\"\/><\/a><\/div><\/figure><\/div><\/div><\/div>\n\n\n\n<div class=\"wp-block-qubely-heading qubely-block-b93159\"><div class=\"qubely-block-heading  qubely-has-separator qubely-separator-position-top\"><div class=\"qubely-heading-container\"><div class=\"qubely-separator qubely-separator-before\"><span class=\"qubely-separator-type-css qubely-separator-solid\"><\/span><\/div><h2 class=\"qubely-heading-selector\">Installations compactes FA 480-960<\/h2><\/div><\/div><\/div>\n<\/div><\/div>\n\n\n\n<div class=\"wp-block-qubely-wrapper qubely-block-451882\"><div class=\"qubely-block-wrapper-block\">\n<div class=\"wp-block-qubely-image qubely-block-aecc8e\"><div class=\"qubely-block-image  qubely-image-layout-simple\"><div class=\"qubely-image-media qubely-vertical-alignment-center qubely-horizontal-alignment-center\"><figure><div class=\"qubely-image-container\"><a href=\"https:\/\/www.vomat.de\/wp-content\/uploads\/2021\/08\/kfa1500-de.pdf\" target=\"_blank\" rel=\"noopener noreferrer\"><img decoding=\"async\" class=\"qubely-image-image\" src=\"https:\/\/www.vomat.de\/wp-content\/uploads\/2020\/12\/FA-1500-CAD-Bild-e1607986347254.jpg\" alt=\"\"\/><\/a><\/div><\/figure><\/div><\/div><\/div>\n\n\n\n<div class=\"wp-block-qubely-heading qubely-block-8f8993\"><div class=\"qubely-block-heading  qubely-has-separator qubely-separator-position-top\"><div class=\"qubely-heading-container\"><div class=\"qubely-separator qubely-separator-before\"><span class=\"qubely-separator-type-css qubely-separator-solid\"><\/span><\/div><h2 class=\"qubely-heading-selector\">Installation compacte KFA 1500<\/h2><\/div><\/div><\/div>\n<\/div><\/div>\n\n\n\n<div class=\"wp-block-qubely-wrapper qubely-block-7e355b\"><div class=\"qubely-block-wrapper-block\">\n<div class=\"wp-block-qubely-image qubely-block-3e257a\"><div class=\"qubely-block-image  qubely-image-layout-simple\"><div class=\"qubely-image-media qubely-vertical-alignment-center qubely-horizontal-alignment-center\"><figure><div class=\"qubely-image-container\"><a href=\"https:\/\/www.vomat.de\/wp-content\/uploads\/2022\/09\/web-mds-en.pdf\" target=\"_blank\" rel=\"noopener noreferrer\"><img decoding=\"async\" class=\"qubely-image-image\" src=\"https:\/\/www.vomat.de\/wp-content\/uploads\/2022\/09\/mds.jpg\" alt=\"\"\/><\/a><\/div><\/figure><\/div><\/div><\/div>\n\n\n\n<div class=\"wp-block-qubely-heading qubely-block-161bee\"><div class=\"qubely-block-heading  qubely-has-separator qubely-separator-position-top\"><div class=\"qubely-heading-container\"><div class=\"qubely-separator qubely-separator-before\"><span class=\"qubely-separator-type-css qubely-separator-solid\"><\/span><\/div><h2 class=\"qubely-heading-selector\">MDS<\/h2><\/div><\/div><\/div>\n<\/div><\/div>\n\n\n\n<p><\/p>\n<\/div><\/div>\n<\/div><\/div><\/div>\n\n\n\n<div class=\"wp-block-qubely-row alignwide qubely-section qubely-block-418ee9\"><div class=\"qubely-row-overlay\"><\/div><div class=\"qubely-container-fluid\"><div class=\"qubely-row\">\n<div class=\"wp-block-qubely-column qubely-column qubely-column-front qubely-block-095e61\"><div class=\"qubely-column-inner\">\n<div class=\"wp-block-qubely-image qubely-block-d23b3a\"><div class=\"qubely-block-image  qubely-image-layout-simple\"><div class=\"qubely-image-media qubely-vertical-alignment-center qubely-horizontal-alignment-center\"><figure><div class=\"qubely-image-container\"><img decoding=\"async\" class=\"qubely-image-image\" src=\"https:\/\/www.vomat.de\/wp-content\/uploads\/2020\/04\/fa960_1-scaled.jpg\" alt=\"\"\/><\/div><\/figure><\/div><\/div><\/div>\n<\/div><\/div>\n\n\n\n<div class=\"wp-block-qubely-column qubely-column qubely-column-front qubely-block-f17163\"><div class=\"qubely-column-inner\">\n<div class=\"wp-block-qubely-heading qubely-block-46db3d\"><div class=\"qubely-block-heading  qubely-has-separator qubely-separator-position-bottom\"><div class=\"qubely-heading-container\"><h2 class=\"qubely-heading-selector\">Syst\u00e8mes de filtration Vomat <\/h2><div class=\"qubely-separator qubely-separator-after\"><span class=\"qubely-separator-type-css qubely-separator-solid\"><\/span><\/div><\/div><h5 class=\"qubely-sub-heading-selector\">L'essentiel en quelques points:<\/h5><\/div><\/div>\n\n\n\n<div class=\"wp-block-qubely-advancedlist qubely-block-b0f6e6\"><div class=\"qubely-block-advanced-list  qubely-alignment-left\"><ul class=\"qubely-list qubely-list-type-unordered qubely-list-bullet-check-circle\"><li>Id\u00e9al pour la filtration des particules fines issues de l\u2019huile (rectification, honage, rodage, \u00e9lectro\u00e9rosion, etc...)<\/li><li>Filtration a plein d\u00e9bit appropri\u00e9e en proc\u00e9dure de rin\u00e7age \u00e0 contre-courant avec cycle automatique en fonction de la salet\u00e9 pr\u00e9sente.<\/li><li>Pompes de filtration r\u00e9gul\u00e9es pour filtration adapt\u00e9e aux besoins (bilan \u00e9nerg\u00e9tique positif).<\/li><li>Aucune utilisation de mati\u00e8re filtrante n\u2019est n\u00e9cessaire gr\u00e2ce aux filtres \u00e0 couches.<\/li><li>Construction modulaire de la solution individuelle jusqu'\u00e0 l\u2019installation centralis\u00e9e.<\/li><li>Structure d\u2019installation compacte, claire et facile \u00e0 entretenir.<\/li><li>De nombreuses options pour le refroidissement, l\u2019\u00e9limination et plus encore.<\/li><\/ul><\/div><\/div>\n\n\n\n<p><\/p>\n<\/div><\/div>\n<\/div><\/div><\/div>\n\n\n\n<div style=\"height:100px\" aria-hidden=\"true\" class=\"wp-block-spacer\"><\/div>","protected":false},"excerpt":{"rendered":"","protected":false},"author":1,"featured_media":0,"parent":0,"menu_order":0,"comment_status":"closed","ping_status":"closed","template":"","meta":{"qubely_global_settings":"","qubely_interactions":"","footnotes":""},"class_list":["post-1847","page","type-page","status-publish","hentry"],"blocksy_meta":{"styles_descriptor":{"styles":{"desktop":"","tablet":"","mobile":""},"google_fonts":[],"version":6}},"_links":{"self":[{"href":"https:\/\/www.vomat.de\/fr\/wp-json\/wp\/v2\/pages\/1847","targetHints":{"allow":["GET"]}}],"collection":[{"href":"https:\/\/www.vomat.de\/fr\/wp-json\/wp\/v2\/pages"}],"about":[{"href":"https:\/\/www.vomat.de\/fr\/wp-json\/wp\/v2\/types\/page"}],"author":[{"embeddable":true,"href":"https:\/\/www.vomat.de\/fr\/wp-json\/wp\/v2\/users\/1"}],"replies":[{"embeddable":true,"href":"https:\/\/www.vomat.de\/fr\/wp-json\/wp\/v2\/comments?post=1847"}],"version-history":[{"count":22,"href":"https:\/\/www.vomat.de\/fr\/wp-json\/wp\/v2\/pages\/1847\/revisions"}],"predecessor-version":[{"id":3743,"href":"https:\/\/www.vomat.de\/fr\/wp-json\/wp\/v2\/pages\/1847\/revisions\/3743"}],"wp:attachment":[{"href":"https:\/\/www.vomat.de\/fr\/wp-json\/wp\/v2\/media?parent=1847"}],"curies":[{"name":"wp","href":"https:\/\/api.w.org\/{rel}","templated":true}]}}