{"id":1845,"date":"2020-04-18T20:34:46","date_gmt":"2020-04-18T18:34:46","guid":{"rendered":"http:\/\/new.vomat.de\/?page_id=1845"},"modified":"2022-10-11T12:50:57","modified_gmt":"2022-10-11T10:50:57","slug":"company","status":"publish","type":"page","link":"https:\/\/www.vomat.de\/fr\/unternehmen\/","title":{"rendered":"Soci\u00e9t\u00e9"},"content":{"rendered":"<div class=\"wp-block-qubely-row alignfull qubely-section qubely-block-df711b\"><div class=\"qubely-row-overlay\"><\/div><div class=\"qubely-container\"><div class=\"qubely-row\">\n<div class=\"wp-block-qubely-column qubely-column qubely-column-front qubely-block-2874d0\"><div class=\"qubely-column-inner\">\n<div class=\"wp-block-qubely-heading qubely-block-f11f8a\"><div class=\"qubely-block-heading  qubely-has-separator qubely-separator-position-bottom\"><div class=\"qubely-heading-container\"><h1 class=\"qubely-heading-selector\">A PROPOS DE NOUS<\/h1><div class=\"qubely-separator qubely-separator-after\"><span class=\"qubely-separator-type-css qubely-separator-solid\"><\/span><\/div><\/div><\/div><\/div>\n<\/div><\/div>\n<\/div><\/div><\/div>\n\n\n\n<div class=\"wp-block-qubely-row alignfull qubely-section qubely-block-b2e9ca\"><div class=\"qubely-row-overlay\"><\/div><div class=\"qubely-container\"><div class=\"qubely-row\">\n<div class=\"wp-block-qubely-column qubely-column qubely-column-front qubely-block-111bdf\"><div class=\"qubely-column-inner\">\n<div class=\"wp-block-qubely-heading qubely-block-61ca74\"><div class=\"qubely-block-heading  qubely-has-separator qubely-separator-position-bottom\"><div class=\"qubely-heading-container\"><h2 class=\"qubely-heading-selector\">Bienvenue chez VOMAT<\/h2><div class=\"qubely-separator qubely-separator-after\"><span class=\"qubely-separator-type-css qubely-separator-solid\"><\/span><\/div><\/div><\/div><\/div>\n\n\n\n<div class=\"wp-block-qubely-text qubely-block-8ee76e\"><div class=\"qubely-block-text\"><p>Nous vous proposons un concept personnalis\u00e9 de filtration des lubrifiants r\u00e9frig\u00e9rants et leur r\u00e9frig\u00e9ration pour les processus de rectification dans l\u2019industrie m\u00e9tallurgique, ainsi que des solutions sp\u00e9ciales pour d\u2019autres domaines des mat\u00e9riaux.<br><br>Le choix de l\u2019installation de filtration appropri\u00e9e est un \u00e9l\u00e9ment important de votre succ\u00e8s. Et parce que nous le savons par exp\u00e9rience, nous avons beaucoup r\u00e9fl\u00e9chi \u00e0 vos probl\u00e8mes et nous avons cr\u00e9\u00e9 des solutions.<br><br>Vomat est synonyme de technique vogtoise des machines et des installations. Sp\u00e9cialiste de la filtration fine des lubrifiants r\u00e9frig\u00e9rants de l\u2019industrie m\u00e9tallurgique, notre gamme de produits comprend des solutions pour les installations individuelles, les syst\u00e8mes modulaires, les installations centralis\u00e9es et les installations particuli\u00e8res personnalis\u00e9es avec des fonctions centralis\u00e9es et d\u00e9centralis\u00e9es.<br><br>Des options comme par exemple le refroidissement interne, externe ou de broches, l\u2019\u00e9limination des mat\u00e9riaux, les cuves compl\u00e9mentaires et plus encore, permettent une solution optimale du syst\u00e8me des processus de filtration pour chaque cas individuel. Notre exp\u00e9rience de plusieurs ann\u00e9es avec les compositions de mat\u00e9riaux les plus diverses garantit votre succ\u00e8s.<br><br><\/p><\/div><\/div>\n<\/div><\/div>\n\n\n\n<div class=\"wp-block-qubely-column qubely-column qubely-column-front qubely-block-54a30e\"><div class=\"qubely-column-inner\">\n<div class=\"wp-block-qubely-image qubely-block-b4b20b\"><div class=\"qubely-block-image  qubely-image-layout-simple\"><div class=\"qubely-image-media qubely-vertical-alignment-center qubely-horizontal-alignment-center\"><figure><div class=\"qubely-image-container\"><img decoding=\"async\" class=\"qubely-image-image\" src=\"https:\/\/www.vomat.de\/wp-content\/uploads\/2021\/02\/web-Messe-2018-01-e1614018430143.jpg\" alt=\"\"\/><\/div><\/figure><\/div><\/div><\/div>\n<\/div><\/div>\n<\/div><\/div><\/div>\n\n\n\n<div class=\"wp-block-qubely-heading qubely-block-b56e5b\"><div class=\"qubely-block-heading  qubely-has-separator qubely-separator-position-bottom\"><div class=\"qubely-heading-container\"><h2 class=\"qubely-heading-selector\">HISTOIRE DE L\u2019ENTREPRISE<\/h2><div class=\"qubely-separator qubely-separator-after\"><span class=\"qubely-separator-type-css qubely-separator-solid\"><\/span><\/div><\/div><\/div><\/div>\n\n\n\n<div class=\"wp-block-qubely-timeline qubely-block-29a6a7\"><div class=\"qubely-block-timeline  qubely-timeline-layout-vertical qubely-timeline-orientation-center\"><div class=\"qubely-timeline-items\"><div class=\"qubely-timeline-item qubely-timeline-left\"><div class=\"qubely-timeline-connector\"><span class=\"qubely-timeline-connector-icon fas fa-calendar-minus\"><\/span><\/div><div class=\"qubely-timeline-content qubely-content-has-border\"><div class=\"qubely-timeline-description\"><h4 class=\"qubely-timeline-title\">1925<\/h4><div class=\"qubely-timeline-description\">Cr\u00e9ation de la r\u00e9paration de moteurs et d\u2019enroulement Trommer \u00e0 Oelsnitz \/ Vogtl.<\/div><\/div><span class=\"qubely-timeline-indicator\"><\/span><\/div><\/div><div class=\"qubely-timeline-item qubely-timeline-right\"><div class=\"qubely-timeline-connector\"><span class=\"qubely-timeline-connector-icon fas fa-calendar-minus\"><\/span><\/div><div class=\"qubely-timeline-content qubely-content-has-border\"><div class=\"qubely-timeline-description\"><h4 class=\"qubely-timeline-title\">1932<\/h4><div class=\"qubely-timeline-description\">Transfert de l\u2019exploitation \u00e0 Auerbach \/ Vogtl.<\/div><\/div><span class=\"qubely-timeline-indicator\"><\/span><\/div><\/div><div class=\"qubely-timeline-item qubely-timeline-left\"><div class=\"qubely-timeline-connector\"><span class=\"qubely-timeline-connector-icon fas fa-calendar-minus\"><\/span><\/div><div class=\"qubely-timeline-content qubely-content-has-border\"><div class=\"qubely-timeline-description\"><h4 class=\"qubely-timeline-title\">1937<\/h4><div class=\"qubely-timeline-description\">Transfert de la soci\u00e9t\u00e9 Trommer \u00e0 Treuen \/ Vogtl.<\/div><\/div><span class=\"qubely-timeline-indicator\"><\/span><\/div><\/div><div class=\"qubely-timeline-item qubely-timeline-right\"><div class=\"qubely-timeline-connector\"><span class=\"qubely-timeline-connector-icon fas fa-calendar-minus\"><\/span><\/div><div class=\"qubely-timeline-content qubely-content-has-border\"><div class=\"qubely-timeline-image-container\"><img decoding=\"async\" src=\"https:\/\/www.vomat.de\/wp-content\/uploads\/2020\/12\/Vomat-1961.png\" alt=\"1961\"\/><\/div><div class=\"qubely-timeline-description\"><h4 class=\"qubely-timeline-title\">1961<\/h4><div class=\"qubely-timeline-description\">Acquisition et reprise de l\u2019exploitation par M. Gottfried Schmidt.<\/div><\/div><span class=\"qubely-timeline-indicator\"><\/span><\/div><\/div><div class=\"qubely-timeline-item qubely-timeline-left\"><div class=\"qubely-timeline-connector\"><span class=\"qubely-timeline-connector-icon fas fa-calendar-minus\"><\/span><\/div><div class=\"qubely-timeline-content qubely-content-has-border\"><div class=\"qubely-timeline-description\"><h4 class=\"qubely-timeline-title\">1997<\/h4><div class=\"qubely-timeline-description\">Changement de propri\u00e9taire en vendant la soci\u00e9t\u00e9 \u00e0 M. Matthias Leipoldt. Maintien de la d\u00e9nomination de l\u2019entreprise \u00ab\u00a0Schmidt Elektromaschinenbau\u00a0\u00bb. A ce moment-l\u00e0, 6 collaborateurs \u00e9taient employ\u00e9s.<\/div><\/div><span class=\"qubely-timeline-indicator\"><\/span><\/div><\/div><div class=\"qubely-timeline-item qubely-timeline-right\"><div class=\"qubely-timeline-connector\"><span class=\"qubely-timeline-connector-icon fas fa-calendar-minus\"><\/span><\/div><div class=\"qubely-timeline-content qubely-content-has-border\"><div class=\"qubely-timeline-image-container\"><img decoding=\"async\" src=\"https:\/\/www.vomat.de\/wp-content\/uploads\/2020\/12\/Vomat-1998.png\" alt=\"1998\"\/><\/div><div class=\"qubely-timeline-description\"><h4 class=\"qubely-timeline-title\">1998<\/h4><div class=\"qubely-timeline-description\">Premi\u00e8re construction - construction de la Shedhalle sur le b\u00e2timent ancien. Achat du terrain sur la Auerbacher Stra\u00dfe 1.<\/div><\/div><span class=\"qubely-timeline-indicator\"><\/span><\/div><\/div><div class=\"qubely-timeline-item qubely-timeline-left\"><div class=\"qubely-timeline-connector\"><span class=\"qubely-timeline-connector-icon fas fa-calendar-minus\"><\/span><\/div><div class=\"qubely-timeline-content qubely-content-has-border\"><div class=\"qubely-timeline-image-container\"><img decoding=\"async\" src=\"https:\/\/www.vomat.de\/wp-content\/uploads\/2020\/12\/Vomat-2002.png\" alt=\"2002\"\/><\/div><div class=\"qubely-timeline-description\"><h4 class=\"qubely-timeline-title\">2002<\/h4><div class=\"qubely-timeline-description\">Construction du nouveau hall de production et r\u00e9novation du b\u00e2timent existant.<\/div><\/div><span class=\"qubely-timeline-indicator\"><\/span><\/div><\/div><div class=\"qubely-timeline-item qubely-timeline-right\"><div class=\"qubely-timeline-connector\"><span class=\"qubely-timeline-connector-icon fas fa-calendar-minus\"><\/span><\/div><div class=\"qubely-timeline-content qubely-content-has-border\"><div class=\"qubely-timeline-description\"><h4 class=\"qubely-timeline-title\">2006<\/h4><div class=\"qubely-timeline-description translation-block\">-Cr\u00e9ation de Vomat GmbH<br>\n-Pr\u00e9sentation du premier syst\u00e8me de filtration avec beaucoup de succ\u00e8s sur le Grindtec<br>\n-La production en s\u00e9rie commence<br>\n-Extension de la surface de production d\u2019environ 1000m\u00b2<br>\n-Extension de la gamme de produits FA720-FA960<br><\/div><\/div><span class=\"qubely-timeline-indicator\"><\/span><\/div><\/div><div class=\"qubely-timeline-item qubely-timeline-left\"><div class=\"qubely-timeline-connector\"><span class=\"qubely-timeline-connector-icon fas fa-calendar-minus\"><\/span><\/div><div class=\"qubely-timeline-content qubely-content-has-border\"><div class=\"qubely-timeline-description\"><h4 class=\"qubely-timeline-title\">2007<\/h4><div class=\"qubely-timeline-description translation-block\">-Livraison du premier syst\u00e8me de filtration centralis\u00e9<br>\n-Nouveau produit Pr\u00e9filtre HSS<\/div><\/div><span class=\"qubely-timeline-indicator\"><\/span><\/div><\/div><div class=\"qubely-timeline-item qubely-timeline-right\"><div class=\"qubely-timeline-connector\"><span class=\"qubely-timeline-connector-icon fas fa-calendar-minus\"><\/span><\/div><div class=\"qubely-timeline-content qubely-content-has-border\"><div class=\"qubely-timeline-description\"><h4 class=\"qubely-timeline-title\">2008<\/h4><div class=\"qubely-timeline-description translation-block\">-A la Grindtec 2008, pr\u00e9sentation de notre installation de filtration centralis\u00e9e en construction modulaire avec syst\u00e8me de refroidissement brevet\u00e9<br>\n-\u00c9t\u00e9 2008, premi\u00e8re livraison d\u2019une installation de filtration Vomat hors de l\u2019UE<\/div><\/div><span class=\"qubely-timeline-indicator\"><\/span><\/div><\/div><div class=\"qubely-timeline-item qubely-timeline-left\"><div class=\"qubely-timeline-connector\"><span class=\"qubely-timeline-connector-icon fas fa-calendar-minus\"><\/span><\/div><div class=\"qubely-timeline-content qubely-content-has-border\"><div class=\"qubely-timeline-description\"><h4 class=\"qubely-timeline-title\">2010<\/h4><div class=\"qubely-timeline-description\">-Pr\u00e9sentation \u00e0 la GrindTec -&gt; s\u00e9dimentateur, syst\u00e8me de refroidissement int\u00e9gr\u00e9<\/div><\/div><span class=\"qubely-timeline-indicator\"><\/span><\/div><\/div><div class=\"qubely-timeline-item qubely-timeline-right\"><div class=\"qubely-timeline-connector\"><span class=\"qubely-timeline-connector-icon fas fa-calendar-minus\"><\/span><\/div><div class=\"qubely-timeline-content qubely-content-has-border\"><div class=\"qubely-timeline-description\"><h4 class=\"qubely-timeline-title\">2011<\/h4><div class=\"qubely-timeline-description\">-Construction du 500e syst\u00e8me de filtration<br>-Construction de nouveaux halls &gt; extension de la surface de production de 1200m\u00b2<\/div><\/div><span class=\"qubely-timeline-indicator\"><\/span><\/div><\/div><div class=\"qubely-timeline-item qubely-timeline-left\"><div class=\"qubely-timeline-connector\"><span class=\"qubely-timeline-connector-icon fas fa-calendar-minus\"><\/span><\/div><div class=\"qubely-timeline-content qubely-content-has-border\"><div class=\"qubely-timeline-description\"><h4 class=\"qubely-timeline-title\">2014<\/h4><div class=\"qubely-timeline-description translation-block\">-Extension avec une surface de production suppl\u00e9mentaire de 1.200m\u00b2<br>\n-Pr\u00e9sentation \u00e0 la GrindTec : KFA1500 avec pr\u00e9filtre HSS<\/div><\/div><span class=\"qubely-timeline-indicator\"><\/span><\/div><\/div><div class=\"qubely-timeline-item qubely-timeline-right\"><div class=\"qubely-timeline-connector\"><span class=\"qubely-timeline-connector-icon fas fa-calendar-minus\"><\/span><\/div><div class=\"qubely-timeline-content qubely-content-has-border\"><div class=\"qubely-timeline-description\"><h4 class=\"qubely-timeline-title\">2016<\/h4><div class=\"qubely-timeline-description translation-block\">-Pr\u00e9sentation \u00e0 la GrindTec : refroidisseur KWS250 et installation pour l'arrondi des ar\u00eates des outils<br>\n-Taille de l\u2019entreprise -&gt;100 collaborateurs<\/div><\/div><span class=\"qubely-timeline-indicator\"><\/span><\/div><\/div><div class=\"qubely-timeline-item qubely-timeline-left\"><div class=\"qubely-timeline-connector\"><span class=\"qubely-timeline-connector-icon fas fa-calendar-minus\"><\/span><\/div><div class=\"qubely-timeline-content qubely-content-has-border\"><div class=\"qubely-timeline-description\"><h4 class=\"qubely-timeline-title\">2017<\/h4><div class=\"qubely-timeline-description\">-Fonction de refroidissement naturel pour \u00e9conomiser de l\u2019\u00e9nergie<\/div><\/div><span class=\"qubely-timeline-indicator\"><\/span><\/div><\/div><div class=\"qubely-timeline-item qubely-timeline-right\"><div class=\"qubely-timeline-connector\"><span class=\"qubely-timeline-connector-icon fas fa-calendar-minus\"><\/span><\/div><div class=\"qubely-timeline-content qubely-content-has-border\"><div class=\"qubely-timeline-description\"><h4 class=\"qubely-timeline-title\">2018<\/h4><div class=\"qubely-timeline-description\">-Maturit\u00e9 du march\u00e9 et premi\u00e8re livraison d\u2019un filtre \u00e0 bande sous pression<\/div><\/div><span class=\"qubely-timeline-indicator\"><\/span><\/div><\/div><div class=\"qubely-timeline-item qubely-timeline-left\"><div class=\"qubely-timeline-connector\"><span class=\"qubely-timeline-connector-icon fas fa-calendar-minus\"><\/span><\/div><div class=\"qubely-timeline-content qubely-content-has-border\"><div class=\"qubely-timeline-description\"><h4 class=\"qubely-timeline-title\">2019<\/h4><div class=\"qubely-timeline-description\">-Fabrication en s\u00e9rie d\u2019un dispositif de traitement de l\u2019air<\/div><\/div><span class=\"qubely-timeline-indicator\"><\/span><\/div><\/div><div class=\"qubely-timeline-item qubely-timeline-right\"><div class=\"qubely-timeline-connector\"><span class=\"qubely-timeline-connector-icon fas fa-calendar-minus\"><\/span><\/div><div class=\"qubely-timeline-content qubely-content-has-border\"><div class=\"qubely-timeline-description\"><h4 class=\"qubely-timeline-title\">2020<\/h4><div class=\"qubely-timeline-description\">-Commercialisation d\u2019un syst\u00e8me d\u2019analyse des lubrifiants r\u00e9frig\u00e9rants et de dosage des \u00e9mulsions<\/div><\/div><span class=\"qubely-timeline-indicator\"><\/span><\/div><\/div><\/div><\/div><\/div>\n\n\n\n<div style=\"height:100px\" aria-hidden=\"true\" class=\"wp-block-spacer\"><\/div>","protected":false},"excerpt":{"rendered":"","protected":false},"author":1,"featured_media":0,"parent":0,"menu_order":0,"comment_status":"closed","ping_status":"closed","template":"","meta":{"qubely_global_settings":"","qubely_interactions":"","footnotes":""},"class_list":["post-1845","page","type-page","status-publish","hentry"],"blocksy_meta":{"styles_descriptor":{"styles":{"desktop":"","tablet":"","mobile":""},"google_fonts":[],"version":6}},"_links":{"self":[{"href":"https:\/\/www.vomat.de\/fr\/wp-json\/wp\/v2\/pages\/1845","targetHints":{"allow":["GET"]}}],"collection":[{"href":"https:\/\/www.vomat.de\/fr\/wp-json\/wp\/v2\/pages"}],"about":[{"href":"https:\/\/www.vomat.de\/fr\/wp-json\/wp\/v2\/types\/page"}],"author":[{"embeddable":true,"href":"https:\/\/www.vomat.de\/fr\/wp-json\/wp\/v2\/users\/1"}],"replies":[{"embeddable":true,"href":"https:\/\/www.vomat.de\/fr\/wp-json\/wp\/v2\/comments?post=1845"}],"version-history":[{"count":7,"href":"https:\/\/www.vomat.de\/fr\/wp-json\/wp\/v2\/pages\/1845\/revisions"}],"predecessor-version":[{"id":3695,"href":"https:\/\/www.vomat.de\/fr\/wp-json\/wp\/v2\/pages\/1845\/revisions\/3695"}],"wp:attachment":[{"href":"https:\/\/www.vomat.de\/fr\/wp-json\/wp\/v2\/media?parent=1845"}],"curies":[{"name":"wp","href":"https:\/\/api.w.org\/{rel}","templated":true}]}}