{"id":2012,"date":"2020-05-29T09:32:27","date_gmt":"2020-05-29T07:32:27","guid":{"rendered":"http:\/\/new.vomat.de\/?page_id=2012"},"modified":"2022-09-29T12:59:07","modified_gmt":"2022-09-29T10:59:07","slug":"representantes","status":"publish","type":"page","link":"https:\/\/www.vomat.de\/es\/vertretungen\/","title":{"rendered":"Representantes"},"content":{"rendered":"<div class=\"wp-block-qubely-row alignfull qubely-section qubely-block-c71f3d\"><div class=\"qubely-row-overlay\"><\/div><div class=\"qubely-container\"><div class=\"qubely-row\">\n<div class=\"wp-block-qubely-column qubely-column qubely-column-front qubely-block-c35564\"><div class=\"qubely-column-inner\">\n<div class=\"wp-block-qubely-heading qubely-block-723614\"><div class=\"qubely-block-heading  qubely-has-separator qubely-separator-position-bottom\"><div class=\"qubely-heading-container\"><h1 class=\"qubely-heading-selector\">REPRESENTANTES<\/h1><div class=\"qubely-separator qubely-separator-after\"><span class=\"qubely-separator-type-css qubely-separator-solid\"><\/span><\/div><\/div><\/div><\/div>\n<\/div><\/div>\n<\/div><\/div><\/div>\n\n\n\n<div class=\"wp-block-qubely-row qubely-section qubely-block-73fa64\"><div class=\"qubely-row-overlay\"><\/div><div class=\"qubely-container\"><div class=\"qubely-row\">\n<div class=\"wp-block-qubely-column qubely-column qubely-column-front qubely-block-a4bfa2\"><div class=\"qubely-column-inner\"><\/div><\/div>\n\n\n\n<div class=\"wp-block-qubely-column qubely-column qubely-column-front qubely-block-e15ea5\"><div class=\"qubely-column-inner\">\n<p>Para la adquisici\u00f3n de nuevos clientes, buscamos agencias generales en los pa\u00edses vecinos de la UE para: Finlandia, Letonia, Noruega, Portugal, Espa\u00f1a e Italia.<\/p>\n<\/div><\/div>\n\n\n\n<div class=\"wp-block-qubely-column qubely-column qubely-column-front qubely-block-f32eec\"><div class=\"qubely-column-inner\"><\/div><\/div>\n<\/div><\/div><\/div>\n\n\n\n<div class=\"wp-block-qubely-row qubely-section qubely-block-c524c3\"><div class=\"qubely-row-overlay\"><\/div><div class=\"qubely-container\"><div class=\"qubely-row\">\n<div class=\"wp-block-qubely-column qubely-column qubely-column-front qubely-block-def592\"><div class=\"qubely-column-inner\"><\/div><\/div>\n\n\n\n<div class=\"wp-block-qubely-column qubely-column qubely-column-front qubely-block-cd85ab\"><div class=\"qubely-column-inner\">\n<p><strong>Australia, Nueva Zelanda<\/strong><\/p>\n\n\n\n<p>1\/25 Mareno Rd., P.0. Box 1575,<br>Tullamarine<br>Victoria 3043<\/p>\n\n\n\n<p>Dion Bowler<br>Tel\u00e9fono: +61 \u2013 8336 1500<br>E-Mail:&nbsp;dion@camcointl.com<br><br><\/p>\n\n\n\n<p><strong>B\u00e9lgica<\/strong><\/p>\n\n\n\n<p>MachinImmo bvba-bv<br>Rechtstraat 360<br>9160 Lokeren<\/p>\n\n\n\n<p>Tel\u00e9fono<\/p>\n\n\n\n<p>Manu Coppens<br>Mobil: +32 479 909170<br>E-Mail:&nbsp;mc@machinimmo.com<\/p>\n\n\n\n<p><br><br><strong>Brasil<\/strong><\/p>\n\n\n\n<p>SOLLWERT IND\u00daSTRIA E COM\u00c9RCIO \/ SW AUTOMA\u00c7\u00c3O<br>Rua Professor Nelson de Senna 355<br>Bairro Cidade Domitila &#8211; S\u00e3o Paulo &#8211; SP<\/p>\n\n\n\n<p>Jose Carlos Amaro<br>Mobil: +55 11 97696-8114<br>E-Mail:&nbsp;josecarlos@sollwert.com.br<br><\/p>\n\n\n\n<p><strong>Francia<\/strong><\/p>\n\n\n\n<p>Oelheld technologies SAS<br>Technopole de Forbach-Sud<br>140, Avenue Jean-Eric Bousch<br>57600 Oeting<\/p>\n\n\n\n<p>Martin Gundelach<\/p>\n\n\n\n<p>Telefon: +33 &#8211; 387 904 214<br>Telefax: +33 &#8211; 387 846 691<br>E-Mail:&nbsp;Martin.Gundelach@oelheld.de<\/p>\n\n\n\n<p><strong>Gran Breta\u00f1a, Irlanda<\/strong><\/p>\n\n\n\n<p>oelheld UK Ltd.<br>Unit 16, Colomendy Business Park<br>Erw Las<br>Denbigh LL16 5TA<\/p>\n\n\n\n<p>Pete Mangan, Managing director<\/p>\n\n\n\n<p>Telefon: +44 &#8211; 174 581 477 7<br>Telefax: +44 &#8211; 174 581 322 2<br>E-Mail:&nbsp;sales@oelheldgroup.co.uk<\/p>\n\n\n\n<p><br><\/p>\n\n\n\n<p><strong>Pa\u00edses Bajos<\/strong><\/p>\n\n\n\n<p>MachinImmo-Service bv<br>Schoolstraat 4<br>6127 BG Frevenbicht<\/p>\n\n\n\n<p>Telefon: +31 468 509067<\/p>\n\n\n\n<p>Mark Camps<br>Mobil: +31 6 46045656<br>E-Mail:&nbsp;mark@machinimmo.com<\/p>\n\n\n\n<p><strong>Polonia<\/strong><\/p>\n\n\n\n<p>ISOTEK Spolka z.o.o.<br>ul. \u015aw. Szczepana 57<br>61-465 Pozna\u0144<\/p>\n\n\n\n<p>Telefon: +48 61 835 08 50<\/p>\n\n\n\n<p>Krzysztof Balcer<br>Telefon: +48 61 835 08 54<br>E-Mail:&nbsp;krzysztof.balcer@isotek.com.pl<\/p>\n<\/div><\/div>\n\n\n\n<div class=\"wp-block-qubely-column qubely-column qubely-column-front qubely-block-bc7062\"><div class=\"qubely-column-inner\">\n<p><strong>Suecia<\/strong><\/p>\n\n\n\n<p>EHN&amp;LAND AB<br>Cylinderv\u00e4gen 18<br>13127 Nacka Strand<\/p>\n\n\n\n<p>Thomas Henkel<br>Telefon: +46 &#8211; 705 988 212<br>E-Mail:&nbsp;thomas.henkel@ehnland.se<br><br><strong>Eslovenia, Croacia, Serbia y Bosnia,<br>Macedonia, Bulgaria, Hungr\u00eda, Ruman\u00eda<\/strong><\/p>\n\n\n\n<p>Delta PI Tehnologije d.o.o.<br>Kidriceva ulica 38<br>SI-3000 Celje<\/p>\n\n\n\n<p>David Presker<br>Mobil: +386 31 887652<br>E-Mail:&nbsp;davidp@deltapitech.com<\/p>\n\n\n\n<p>Alojz Kronov\u0161ek<br>Mobil: +386 70 277117<br>E-Mail:&nbsp;alojzk@deltapitech.com<br><\/p>\n\n\n\n<p><strong>Espa\u00f1a<\/strong><\/p>\n\n\n\n<p>DAUNERT M\u00c1QUINAS HERRAMIENTAS S.A.<\/p>\n\n\n\n<p>Tirso de Molina 7-9-11, 08940 Cornella de Llobregat, Barcelona,&nbsp;Spain|<\/p>\n\n\n\n<p>T: +34 934 75 14 80 &nbsp;<br>F: +34 933 77 64 64<\/p>\n\n\n\n<p>Email:&nbsp;info@daunert.com&nbsp;<br>www.Daunert.com<\/p>\n\n\n\n<p><strong>Rep\u00fablica Checa, Eslovaquia<\/strong><\/p>\n\n\n\n<p>LH Services s.r.o.<br>Pod Harfou 933\/62<br>190 00 Praha 9 &#8211; Vyso\u010dany<\/p>\n\n\n\n<p>Telefon: +420 603 524 675<\/p>\n\n\n\n<p>Ing. Zden\u011bk \u0160ikl<br>Mobil: +420 602 474 099<br>E-Mail:&nbsp;info@lhs.cz<br><a href=\"https:\/\/www.lhs.cz\/\" target=\"_blank\" rel=\"noreferrer noopener\">www.lhs.cz<\/a><br><\/p>\n\n\n\n<p><strong>Turqu\u00eda<\/strong><\/p>\n\n\n\n<p>BMT Makina Ltd. \u015eti.<br>Yali Mah. Fevzi Cakmak Cad. No: 39 Garanti Koza Sitesi <br>B Blok 33 Maltepe\/Istanbul\/TURKEY<\/p>\n\n\n\n<p>Tel : +90 216 441 18 62 <br>Fax: +90 216 459 11 45<\/p>\n\n\n\n<p>Erkan Erdo\u011fan<br>Mobil: +90 507 648 88 38<\/p>\n\n\n\n<p>E-mail: info@bmtmakina.com.tr<br>www.bmtmakina.com.tr<\/p>\n\n\n\n<p><strong>USA<\/strong><\/p>\n\n\n\n<p>Oelheld<br>1100 Wesemann Drive<br>West Dundee, IL 60118<\/p>\n\n\n\n<p>Steven Lowery<\/p>\n\n\n\n<p>Telefon: +1 847 &#8211; 531 85 01<br>Telefax: +1 847 &#8211; 531 85 11<br>E-Mail:&nbsp;hutec-us@oelheld.com<\/p>\n<\/div><\/div>\n\n\n\n<div class=\"wp-block-qubely-column qubely-column qubely-column-front qubely-block-3c9e2a\"><div class=\"qubely-column-inner\"><\/div><\/div>\n<\/div><\/div><\/div>","protected":false},"excerpt":{"rendered":"","protected":false},"author":1,"featured_media":0,"parent":0,"menu_order":0,"comment_status":"closed","ping_status":"closed","template":"","meta":{"qubely_global_settings":"","qubely_interactions":"","footnotes":""},"class_list":["post-2012","page","type-page","status-publish","hentry"],"blocksy_meta":{"styles_descriptor":{"styles":{"desktop":"","tablet":"","mobile":""},"google_fonts":[],"version":6}},"_links":{"self":[{"href":"https:\/\/www.vomat.de\/es\/wp-json\/wp\/v2\/pages\/2012","targetHints":{"allow":["GET"]}}],"collection":[{"href":"https:\/\/www.vomat.de\/es\/wp-json\/wp\/v2\/pages"}],"about":[{"href":"https:\/\/www.vomat.de\/es\/wp-json\/wp\/v2\/types\/page"}],"author":[{"embeddable":true,"href":"https:\/\/www.vomat.de\/es\/wp-json\/wp\/v2\/users\/1"}],"replies":[{"embeddable":true,"href":"https:\/\/www.vomat.de\/es\/wp-json\/wp\/v2\/comments?post=2012"}],"version-history":[{"count":21,"href":"https:\/\/www.vomat.de\/es\/wp-json\/wp\/v2\/pages\/2012\/revisions"}],"predecessor-version":[{"id":3692,"href":"https:\/\/www.vomat.de\/es\/wp-json\/wp\/v2\/pages\/2012\/revisions\/3692"}],"wp:attachment":[{"href":"https:\/\/www.vomat.de\/es\/wp-json\/wp\/v2\/media?parent=2012"}],"curies":[{"name":"wp","href":"https:\/\/api.w.org\/{rel}","templated":true}]}}