{"id":1996,"date":"2020-04-20T07:37:02","date_gmt":"2020-04-20T05:37:02","guid":{"rendered":"http:\/\/new.vomat.de\/?page_id=1996"},"modified":"2022-06-27T19:43:53","modified_gmt":"2022-06-27T17:43:53","slug":"aviso-legal-y-privacidad","status":"publish","type":"page","link":"https:\/\/www.vomat.de\/es\/impressum-datenschutz\/","title":{"rendered":"Aviso legal y privacidad"},"content":{"rendered":"<div class=\"wp-block-qubely-row alignfull qubely-section qubely-block-5ffcdb\"><div class=\"qubely-row-overlay\"><\/div><div class=\"qubely-container\"><div class=\"qubely-row\">\n<div class=\"wp-block-qubely-column qubely-column qubely-column-front qubely-block-e9d7ff\"><div class=\"qubely-column-inner\">\n<div class=\"wp-block-qubely-heading qubely-block-7a9fd7\"><div class=\"qubely-block-heading  qubely-has-separator qubely-separator-position-bottom\"><div class=\"qubely-heading-container\"><h1 class=\"qubely-heading-selector\">Aviso legal y privacidad<\/h1><div class=\"qubely-separator qubely-separator-after\"><span class=\"qubely-separator-type-css qubely-separator-solid\"><\/span><\/div><\/div><\/div><\/div>\n<\/div><\/div>\n<\/div><\/div><\/div>\n\n\n\n<div class=\"wp-block-qubely-row qubely-section qubely-block-278d01\"><div class=\"qubely-row-overlay\"><\/div><div class=\"qubely-container\"><div class=\"qubely-row\">\n<div class=\"wp-block-qubely-column qubely-column qubely-column-front qubely-block-7f4957\"><div class=\"qubely-column-inner\"><\/div><\/div>\n\n\n\n<div class=\"wp-block-qubely-column qubely-column qubely-column-front qubely-block-b10867\"><div class=\"qubely-column-inner\">\n<h2 class=\"has-text-align-center wp-block-heading\">Aviso legal<\/h2>\n\n\n\n<p><strong>Vomat GmbH<\/strong><br><strong>Am Wasserturm 2<\/strong><br><strong>08233 Treuen<\/strong><br>HRB 29793, Tribunal Local de Chemnitz<br>Director General: Matthias Leipoldt, Ingeniero Diplomado (TU)<br>IVA: DE 301 641 737<\/p>\n\n\n\n<p>Tel\u00e9fono: +49 (0) 3 74 68 \/ 67 80 \u2013 0<br>Telefax: +49 (0) 3 74 68 \/ 67 80 &#8211; 10<\/p>\n\n\n\n<p>E-Mail: info@vomat.de<\/p>\n\n\n\n<p>A pesar del cuidadoso control del contenido, no asumimos ninguna responsabilidad por el contenido de los enlaces externos. Los operadores de las p\u00e1ginas enlazadas son los \u00fanicos responsables de su contenido.<\/p>\n\n\n\n<p>Los nombres y marcas protegidos no se identifican como tales en esta p\u00e1gina web. Esto no significa que sean nombres libres en el sentido del derecho de marcas. El sitio web del propietario puede haber sido enlazado a otro sitio web mediante un hiperv\u00ednculo sin el conocimiento del propietario. El propietario no acepta ninguna responsabilidad por las representaciones, el contenido o cualquier conexi\u00f3n con \u00e9l en sitios web de terceros. No se acepta ninguna responsabilidad por la exactitud de los textos y representaciones en esta direcci\u00f3n web. Nos oponemos al uso de nuestros datos con fines de marketing seg\u00fan los \u00a7\u00a7 28, 29 de la BDSG y se\u00f1alamos que la publicidad por correo electr\u00f3nico no solicitada es ilegal y justifica advertencias con costes.<\/p>\n\n\n\n<p>Los derechos de autor de los objetos publicados y creados por nosotros son exclusivamente nuestros. No se permite la duplicaci\u00f3n o el uso de objetos como fotograf\u00edas, diagramas, sonidos o textos en otras publicaciones electr\u00f3nicas o impresas sin nuestro consentimiento.<\/p>\n\n\n\n<h2 class=\"has-text-align-center wp-block-heading\">Protecci\u00f3n de datos<\/h2>\n\n\n\n<p>La seguridad de sus datos personales es importante para nosotros. Por ello, realizamos nuestras actividades en la web de acuerdo con las leyes de protecci\u00f3n y seguridad de datos. A continuaci\u00f3n, conocer\u00e1 qu\u00e9 informaci\u00f3n podemos recopilar y c\u00f3mo la tratamos.<\/p>\n\n\n\n<h4 class=\"wp-block-heading\">Datos personales <\/h4>\n\n\n\n<p>En el marco de una consulta de contacto o similar, usted puede facilitarnos voluntariamente sus datos personales. Por lo general, utilizamos sus datos personales para responder a su consulta, procesar su pedido o proporcionarle acceso a informaci\u00f3n u ofertas especiales. Sus datos no se transmitir\u00e1n a terceros.<\/p>\n\n\n\n<p>Los datos que ya no sean necesarios ser\u00e1n eliminados por nosotros inmediatamente, siempre que no existan plazos legales de conservaci\u00f3n en contra.<\/p>\n\n\n\n<p>Tiene derecho a recibir informaci\u00f3n sobre el origen, el destinatario y la finalidad de sus datos personales almacenados de forma gratuita en cualquier momento. Tambi\u00e9n tiene derecho a solicitar la correcci\u00f3n, el bloqueo o la eliminaci\u00f3n de estos datos.<\/p>\n\n\n\n<h4 class=\"wp-block-heading\">Revocaci\u00f3n de su consentimiento para el tratamiento de datos<\/h4>\n\n\n\n<p>Algunas opciones de tratamiento de datos s\u00f3lo son posibles con su consentimiento expreso. Podr\u00e1 ampliar en cualquier momento su consentimiento previo. Para ello, env\u00edenos un mensaje por correo electr\u00f3nico. El derecho a la portabilidad de los datos hasta el momento en que se realice el tratamiento de los mismos no est\u00e1 garantizado.<\/p>\n\n\n\n<h4 class=\"wp-block-heading\">Derecho a la portabilidad de los datos<\/h4>\n\n\n\n<p>Tiene derecho a que los datos que tratamos autom\u00e1ticamente sobre la base de su consentimiento o en cumplimiento de un contrato le sean entregados a usted o a un tercero en un formato com\u00fan y legible por m\u00e1quina. Si solicita la transferencia directa de los datos a otro responsable del tratamiento, s\u00f3lo se har\u00e1 en la medida en que sea t\u00e9cnicamente posible.<\/p>\n\n\n\n<h4 class=\"wp-block-heading\">Informaci\u00f3n general <\/h4>\n\n\n\n<p>Al visitar nuestro sitio web, su comportamiento de navegaci\u00f3n puede ser evaluado estad\u00edsticamente. Esto se hace principalmente con cookies y los llamados programas de an\u00e1lisis. El an\u00e1lisis de su comportamiento de navegaci\u00f3n es generalmente an\u00f3nimo y no puede ser rastreado hasta usted. Usted puede oponerse a este an\u00e1lisis o impedirlo no utilizando determinadas herramientas. Cuando usted accede a nuestros sitios web o recupera un archivo, los datos sobre este proceso se almacenan en un archivo de registro en nuestro servidor web.<\/p>\n\n\n\n<p>En concreto, se pueden almacenar los siguientes datos Direcci\u00f3n IP; el nombre del dominio del sitio web del que procede; los sitios web que ha visitado en nuestra oferta; los nombres de los archivos recuperados; la fecha y la hora de una recuperaci\u00f3n; el nombre de su proveedor de servicios de Internet y, si procede, el sistema operativo y la versi\u00f3n del navegador de su PC.<\/p>\n\n\n\n<p>Una parte de los datos se recopila para garantizar que el sitio web funcione sin errores. Otros datos pueden utilizarse para analizar su comportamiento como usuario. Queda reservada la evaluaci\u00f3n estad\u00edstica de los registros de datos an\u00f3nimos.<\/p>\n\n\n\n<h4 class=\"wp-block-heading\">Herramientas y utilidades anal\u00edticas de terceros<\/h4>\n\n\n\n<p><strong>YouTube<\/strong><\/p>\n\n\n\n<p>Nuestro sitio web utiliza plugins del sitio YouTube operado por Google. El operador de las p\u00e1ginas es YouTube, LLC, 901 Cherry Ave, San Bruno, CA 94066, USA.<\/p>\n\n\n\n<p>Cuando usted visita una de nuestras p\u00e1ginas equipadas con un plugin de YouTube, se establece una conexi\u00f3n con los servidores de YouTube. Esto indica al servidor de YouTube cu\u00e1l de nuestras p\u00e1ginas ha visitado. Si est\u00e1 conectado a su cuenta de YouTube, permite que YouTube asigne su comportamiento de navegaci\u00f3n directamente a su perfil personal. Puede evitarlo cerrando la sesi\u00f3n de su cuenta de YouTube. YouTube se utiliza en inter\u00e9s de una presentaci\u00f3n atractiva de nuestras ofertas en l\u00ednea. Esto representa un inter\u00e9s leg\u00edtimo en el sentido del Art. 6 Para. 1 lit. f DSGVO. Encontrar\u00e1 m\u00e1s informaci\u00f3n sobre el tratamiento de los datos del usuario en la pol\u00edtica de privacidad de YouTube.<\/p>\n\n\n\n<p><strong>Google Analytics<\/strong><\/p>\n\n\n\n<p>Este sitio web utiliza Google Analytics, un servicio de an\u00e1lisis web proporcionado por Google, Inc. (\"Google\"). Google Analytics utiliza las llamadas cookies. La informaci\u00f3n generada por la cookie sobre su uso de este sitio web se transmite a un servidor de Google (normalmente en la UE\/EEE) y se almacena all\u00ed. Se garantiza el almacenamiento an\u00f3nimo de su direcci\u00f3n IP (es decir, el acortamiento por el \u00faltimo octeto) requerido por las leyes de protecci\u00f3n de datos. S\u00f3lo en casos excepcionales se transmitir\u00e1 la direcci\u00f3n IP completa a un servidor de Google en EE.UU. y se almacenar\u00e1 all\u00ed de forma acortada. Por encargo de VOMAT GmbH, Google utilizar\u00e1 esta informaci\u00f3n para evaluar su uso del sitio web y elaborar informes sobre la actividad del mismo. La direcci\u00f3n IP transmitida por su navegador en el marco de Google Analytics no se fusionar\u00e1 con otros datos de Google. Usted puede oponerse a la creaci\u00f3n de perfiles de uso y as\u00ed evitarlos descargando e instalando el plugin de navegador disponible. &nbsp;<\/p>\n\n\n\n<p><strong>Uso del formulario de contacto <\/strong><strong><\/strong><\/p>\n\n\n\n<p>A diferencia de la declaraci\u00f3n general de protecci\u00f3n de datos de nuestra p\u00e1gina web y de las Condiciones Generales de Contrataci\u00f3n, para el formulario de contacto se aplica la siguiente declaraci\u00f3n especial de protecci\u00f3n de datos, que tiene prioridad sobre las normas generales:<\/p>\n\n\n\n<p>Los datos facilitados por usted en la consulta de contacto ser\u00e1n recogidos, procesados y utilizados por VOMAT GmbH, Am Wasserturm 2, 08233 Treuen y los proveedores de servicios encargados por ella con el fin de procesar y responder a su consulta de acuerdo con las disposiciones de la Ley Federal de Protecci\u00f3n de Datos (BDSG) aplicables en ese momento.<\/p>\n\n\n\n<p><strong>Seguridad <\/strong><strong><\/strong><\/p>\n\n\n\n<p>VOMAT GmbH toma precauciones para garantizar la seguridad de sus datos personales. Sus datos se protegen concienzudamente contra la p\u00e9rdida, la destrucci\u00f3n, la falsificaci\u00f3n, la manipulaci\u00f3n y el acceso o la divulgaci\u00f3n no autorizados.<\/p>\n\n\n\n<p><strong>Enlaces a sitios web externos <\/strong><strong><\/strong><\/p>\n\n\n\n<p>Las p\u00e1ginas web de Vomat contienen enlaces a otras p\u00e1ginas web. VOMAT GmbH no es responsable de las estrategias de protecci\u00f3n de datos ni del contenido de estos otros sitios web.<\/p>\n\n\n\n<p><strong>Preguntas y observaciones <\/strong><strong><\/strong><\/p>\n\n\n\n<p>Si tiene alguna pregunta o comentario sobre la protecci\u00f3n de datos en VOMAT GmbH (por ejemplo, sobre la consulta y actualizaci\u00f3n de sus datos personales), p\u00f3ngase en contacto con nosotros utilizando la palabra clave \"Protecci\u00f3n de datos\". El desarrollo de Internet tambi\u00e9n afecta a nuestra estrategia de protecci\u00f3n de datos. Anunciaremos los cambios en esta p\u00e1gina con la debida antelaci\u00f3n.<\/p>\n<\/div><\/div>\n\n\n\n<div class=\"wp-block-qubely-column qubely-column qubely-column-front qubely-block-0b4124\"><div class=\"qubely-column-inner\"><\/div><\/div>\n<\/div><\/div><\/div>\n\n\n\n<div style=\"height:100px\" aria-hidden=\"true\" class=\"wp-block-spacer\"><\/div>","protected":false},"excerpt":{"rendered":"","protected":false},"author":1,"featured_media":0,"parent":0,"menu_order":0,"comment_status":"closed","ping_status":"closed","template":"","meta":{"qubely_global_settings":"","qubely_interactions":"","footnotes":""},"class_list":["post-1996","page","type-page","status-publish","hentry"],"blocksy_meta":{"styles_descriptor":{"styles":{"desktop":"","tablet":"","mobile":""},"google_fonts":[],"version":6}},"_links":{"self":[{"href":"https:\/\/www.vomat.de\/es\/wp-json\/wp\/v2\/pages\/1996","targetHints":{"allow":["GET"]}}],"collection":[{"href":"https:\/\/www.vomat.de\/es\/wp-json\/wp\/v2\/pages"}],"about":[{"href":"https:\/\/www.vomat.de\/es\/wp-json\/wp\/v2\/types\/page"}],"author":[{"embeddable":true,"href":"https:\/\/www.vomat.de\/es\/wp-json\/wp\/v2\/users\/1"}],"replies":[{"embeddable":true,"href":"https:\/\/www.vomat.de\/es\/wp-json\/wp\/v2\/comments?post=1996"}],"version-history":[{"count":6,"href":"https:\/\/www.vomat.de\/es\/wp-json\/wp\/v2\/pages\/1996\/revisions"}],"predecessor-version":[{"id":3666,"href":"https:\/\/www.vomat.de\/es\/wp-json\/wp\/v2\/pages\/1996\/revisions\/3666"}],"wp:attachment":[{"href":"https:\/\/www.vomat.de\/es\/wp-json\/wp\/v2\/media?parent=1996"}],"curies":[{"name":"wp","href":"https:\/\/api.w.org\/{rel}","templated":true}]}}