{"id":1847,"date":"2020-04-18T20:35:39","date_gmt":"2020-04-18T18:35:39","guid":{"rendered":"http:\/\/new.vomat.de\/?page_id=1847"},"modified":"2023-02-01T15:34:14","modified_gmt":"2023-02-01T14:34:14","slug":"productos","status":"publish","type":"page","link":"https:\/\/www.vomat.de\/es\/produkte\/","title":{"rendered":"Productos"},"content":{"rendered":"<div class=\"wp-block-qubely-row alignfull qubely-section qubely-block-b560ca\"><div class=\"qubely-row-overlay\"><\/div><div class=\"qubely-container\"><div class=\"qubely-row\">\n<div class=\"wp-block-qubely-column qubely-column qubely-column-front qubely-block-abef4d\"><div class=\"qubely-column-inner\">\n<div class=\"wp-block-qubely-heading qubely-block-f8c8f3\"><div class=\"qubely-block-heading  qubely-has-separator qubely-separator-position-bottom\"><div class=\"qubely-heading-container\"><h1 class=\"qubely-heading-selector\">PRODUCTOS<\/h1><div class=\"qubely-separator qubely-separator-after\"><span class=\"qubely-separator-type-css qubely-separator-solid\"><\/span><\/div><\/div><\/div><\/div>\n<\/div><\/div>\n<\/div><\/div><\/div>\n\n\n\n<div class=\"wp-block-qubely-row alignfull qubely-section qubely-block-d7e2ad\"><div class=\"qubely-row-overlay\"><\/div><div class=\"qubely-container\"><div class=\"qubely-row\">\n<div class=\"wp-block-qubely-column qubely-column qubely-column-front qubely-block-41284d\"><div class=\"qubely-column-inner\">\n<div class=\"wp-block-qubely-heading qubely-block-6ab8c9\"><div class=\"qubely-block-heading  qubely-has-separator qubely-separator-position-bottom\"><div class=\"qubely-heading-container\"><h2 class=\"qubely-heading-selector\">\u00bfPor qu\u00e9 los sistemas de microfiltraci\u00f3n Vomat?<\/h2><div class=\"qubely-separator qubely-separator-after\"><span class=\"qubely-separator-type-css qubely-separator-solid\"><\/span><\/div><\/div><\/div><\/div>\n\n\n\n<div class=\"wp-block-qubely-text qubely-block-de59f1\"><div class=\"qubely-block-text\"><p class=\"translation-block\">En muchos \u00e1mbitos de la industria metal\u00fargica se requieren lubricantes refrigerantes de gran pureza (NAS 7\/8 o 3-5 \u00b5m). Se ha utilizado una gran variedad de tecnolog\u00edas para intentar alcanzar este objetivo. Para crear una soluci\u00f3n rentable y \u00f3ptima para usted, hemos desarrollado el sistema de filtrado Vomat en colaboraci\u00f3n con empresas experimentadas de fabricantes de m\u00e1quinas y herramientas y de la industria del rectificado de metales.<br><br>Nuestra larga experiencia con las m\u00e1s diversas composiciones de materiales garantiza su \u00e9xito. Adem\u00e1s, hemos dise\u00f1ado soluciones en el rango de tolerancia de hasta +\/- 0,5 K para el enfriamiento adecuado de su lubricante refrigerante, con el fin de lograr la calidad \u00f3ptima de su producto.<\/p><\/div><\/div>\n<\/div><\/div>\n\n\n\n<div class=\"wp-block-qubely-column qubely-column qubely-column-front qubely-block-44b96c\"><div class=\"qubely-column-inner\">\n<div class=\"wp-block-qubely-image qubely-block-65eb13\"><div class=\"qubely-block-image  qubely-image-layout-simple\"><div class=\"qubely-image-media qubely-vertical-alignment-center qubely-horizontal-alignment-center\"><figure><div class=\"qubely-image-container\"><img decoding=\"async\" class=\"qubely-image-image\" src=\"https:\/\/www.vomat.de\/wp-content\/uploads\/2021\/02\/web-Messe-2018-04.jpg\" alt=\"\"\/><\/div><\/figure><\/div><\/div><\/div>\n<\/div><\/div>\n<\/div><\/div><\/div>\n\n\n\n<div class=\"wp-block-qubely-row alignfull qubely-section qubely-block-232023\"><div class=\"qubely-row-overlay\"><\/div><div class=\"qubely-container\"><div class=\"qubely-row\">\n<div class=\"wp-block-qubely-column qubely-column qubely-column-front qubely-block-3fc6f7\"><div class=\"qubely-column-inner\">\n<div class=\"wp-block-qubely-heading alignfull qubely-block-5d3f66\"><div class=\"qubely-block-heading  qubely-has-separator qubely-separator-position-bottom\"><div class=\"qubely-heading-container\"><h2 class=\"qubely-heading-selector\">RESUMEN DE PRODUCTOS<\/h2><div class=\"qubely-separator qubely-separator-after\"><span class=\"qubely-separator-type-css qubely-separator-solid\"><\/span><\/div><\/div><\/div><\/div>\n<\/div><\/div>\n<\/div><\/div><\/div>\n\n\n\n<div class=\"wp-block-qubely-row alignfull qubely-section qubely-block-74653a\"><div class=\"qubely-row-overlay\"><\/div><div class=\"qubely-container\"><div class=\"qubely-row\">\n<div class=\"wp-block-qubely-column qubely-column qubely-column-front qubely-block-a96683\"><div class=\"qubely-column-inner\">\n<div class=\"wp-block-qubely-wrapper qubely-block-43ebe6\"><div class=\"qubely-block-wrapper-block\">\n<div class=\"wp-block-qubely-image qubely-block-d8bdd0\"><div class=\"qubely-block-image  qubely-image-layout-simple\"><div class=\"qubely-image-media qubely-vertical-alignment-center qubely-horizontal-alignment-center\"><figure><div class=\"qubely-image-container\"><a href=\"https:\/\/www.vomat.de\/wp-content\/uploads\/2021\/05\/fa70web_es.pdf\" target=\"_blank\" rel=\"noopener noreferrer\"><img decoding=\"async\" class=\"qubely-image-image\" src=\"https:\/\/www.vomat.de\/wp-content\/uploads\/2020\/12\/Vomat-FA-70-Dark-e1607984358240.png\" alt=\"Kleinanlage Vomat FA 70+\"\/><\/a><\/div><\/figure><\/div><\/div><\/div>\n\n\n\n<div class=\"wp-block-qubely-heading qubely-block-a098fb\"><div class=\"qubely-block-heading  qubely-has-separator qubely-separator-position-top\"><div class=\"qubely-heading-container\"><div class=\"qubely-separator qubely-separator-before\"><span class=\"qubely-separator-type-css qubely-separator-solid\"><\/span><\/div><h2 class=\"qubely-heading-selector\">Vomat FA 70+<\/h2><\/div><\/div><\/div>\n<\/div><\/div>\n\n\n\n<div class=\"wp-block-qubely-wrapper qubely-block-658d93\"><div class=\"qubely-block-wrapper-block\">\n<div class=\"wp-block-qubely-image qubely-block-20a096\"><div class=\"qubely-block-image  qubely-image-layout-simple\"><div class=\"qubely-image-media qubely-vertical-alignment-center qubely-horizontal-alignment-center\"><figure><div class=\"qubely-image-container\"><a href=\"https:\/\/www.vomat.de\/wp-content\/uploads\/2023\/02\/UBF-DE-022023.pdf\" target=\"_blank\" rel=\"noopener noreferrer\"><img decoding=\"async\" class=\"qubely-image-image\" src=\"https:\/\/www.vomat.de\/wp-content\/uploads\/2020\/12\/UBF-Front-e1607986382445.png\" alt=\"\"\/><\/a><\/div><\/figure><\/div><\/div><\/div>\n\n\n\n<div class=\"wp-block-qubely-heading qubely-block-a4cbf6\"><div class=\"qubely-block-heading  qubely-has-separator qubely-separator-position-top\"><div class=\"qubely-heading-container\"><div class=\"qubely-separator qubely-separator-before\"><span class=\"qubely-separator-type-css qubely-separator-solid\"><\/span><\/div><h2 class=\"qubely-heading-selector\">Filtro de banda por vac\u00edo UBF<\/h2><\/div><\/div><\/div>\n<\/div><\/div>\n\n\n\n<div class=\"wp-block-qubely-wrapper qubely-block-76b614\"><div class=\"qubely-block-wrapper-block\">\n<div class=\"wp-block-qubely-image qubely-block-f18e4c\"><div class=\"qubely-block-image  qubely-image-layout-simple\"><div class=\"qubely-image-media qubely-vertical-alignment-center qubely-horizontal-alignment-center\"><figure><div class=\"qubely-image-container\"><a href=\"https:\/\/www.vomat.de\/wp-content\/uploads\/2023\/02\/LBG-DE-web-022023.pdf\" target=\"_blank\" rel=\"noopener noreferrer\"><img decoding=\"async\" class=\"qubely-image-image\" src=\"https:\/\/www.vomat.de\/wp-content\/uploads\/2022\/09\/lbg.jpg\" alt=\"\"\/><\/a><\/div><\/figure><\/div><\/div><\/div>\n\n\n\n<div class=\"wp-block-qubely-heading qubely-block-ddb6b7\"><div class=\"qubely-block-heading  qubely-has-separator qubely-separator-position-top\"><div class=\"qubely-heading-container\"><div class=\"qubely-separator qubely-separator-before\"><span class=\"qubely-separator-type-css qubely-separator-solid\"><\/span><\/div><h2 class=\"qubely-heading-selector\">LBG<\/h2><\/div><\/div><\/div>\n<\/div><\/div>\n<\/div><\/div>\n\n\n\n<div class=\"wp-block-qubely-column qubely-column qubely-column-front qubely-block-45d566\"><div class=\"qubely-column-inner\">\n<div class=\"wp-block-qubely-wrapper qubely-block-635b21\"><div class=\"qubely-block-wrapper-block\">\n<div class=\"wp-block-qubely-image qubely-block-d656a9\"><div class=\"qubely-block-image  qubely-image-layout-simple\"><div class=\"qubely-image-media qubely-vertical-alignment-center qubely-horizontal-alignment-center\"><figure><div class=\"qubely-image-container\"><a href=\"https:\/\/www.vomat.de\/wp-content\/uploads\/2021\/05\/fa120420_web_es.pdf\" target=\"_blank\" rel=\"noopener noreferrer\"><img decoding=\"async\" class=\"qubely-image-image\" src=\"https:\/\/www.vomat.de\/wp-content\/uploads\/2020\/12\/Vomat-FA-240-01-e1607985505454.jpg\" alt=\"\"\/><\/a><\/div><\/figure><\/div><\/div><\/div>\n\n\n\n<div class=\"wp-block-qubely-heading qubely-block-639290\"><div class=\"qubely-block-heading  qubely-has-separator qubely-separator-position-top\"><div class=\"qubely-heading-container\"><div class=\"qubely-separator qubely-separator-before\"><span class=\"qubely-separator-type-css qubely-separator-solid\"><\/span><\/div><h2 class=\"qubely-heading-selector\">Sistemas compactos FA 120-420<\/h2><\/div><\/div><\/div>\n<\/div><\/div>\n\n\n\n<div class=\"wp-block-qubely-wrapper qubely-block-8cde24\"><div class=\"qubely-block-wrapper-block\">\n<div class=\"wp-block-qubely-image qubely-block-12af43\"><div class=\"qubely-block-image  qubely-image-layout-simple\"><div class=\"qubely-image-media qubely-vertical-alignment-center qubely-horizontal-alignment-center\"><figure><div class=\"qubely-image-container\"><a href=\"https:\/\/www.vomat.de\/wp-content\/uploads\/2021\/05\/zfa_web_es.pdf\" target=\"_blank\" rel=\"noopener noreferrer\"><img decoding=\"async\" class=\"qubely-image-image\" src=\"https:\/\/www.vomat.de\/wp-content\/uploads\/2021\/02\/ZFA-1200.jpg\" alt=\"\"\/><\/a><\/div><\/figure><\/div><\/div><\/div>\n\n\n\n<div class=\"wp-block-qubely-heading qubely-block-04fcd1\"><div class=\"qubely-block-heading  qubely-has-separator qubely-separator-position-top\"><div class=\"qubely-heading-container\"><div class=\"qubely-separator qubely-separator-before\"><span class=\"qubely-separator-type-css qubely-separator-solid\"><\/span><\/div><h2 class=\"qubely-heading-selector\">Sistema central ZFA 1200  <\/h2><\/div><h4 class=\"qubely-sub-heading-selector\">(Ampliaci\u00f3n ilimitada posible)<\/h4><\/div><\/div>\n<\/div><\/div>\n\n\n\n<div class=\"wp-block-qubely-wrapper qubely-block-eeb720\"><div class=\"qubely-block-wrapper-block\">\n<div class=\"wp-block-qubely-image qubely-block-eb7bd2\"><div class=\"qubely-block-image  qubely-image-layout-simple\"><div class=\"qubely-image-media qubely-vertical-alignment-center qubely-horizontal-alignment-center\"><figure><div class=\"qubely-image-container\"><a href=\"https:\/\/www.vomat.de\/wp-content\/uploads\/2021\/05\/zusatz_web_es.pdf\" target=\"_blank\" rel=\"noopener noreferrer\"><img decoding=\"async\" class=\"qubely-image-image\" src=\"https:\/\/www.vomat.de\/wp-content\/uploads\/2021\/03\/zusatzkomponenten-scaled.jpg\" alt=\"\"\/><\/a><\/div><\/figure><\/div><\/div><\/div>\n\n\n\n<div class=\"wp-block-qubely-heading qubely-block-5fe34f\"><div class=\"qubely-block-heading  qubely-has-separator qubely-separator-position-top\"><div class=\"qubely-heading-container\"><div class=\"qubely-separator qubely-separator-before\"><span class=\"qubely-separator-type-css qubely-separator-solid\"><\/span><\/div><h2 class=\"qubely-heading-selector\">Componentes adicionales<\/h2><\/div><\/div><\/div>\n\n\n\n<p><\/p>\n<\/div><\/div>\n\n\n\n<p><\/p>\n<\/div><\/div>\n\n\n\n<div class=\"wp-block-qubely-column qubely-column qubely-column-front qubely-block-cdc183\"><div class=\"qubely-column-inner\">\n<div class=\"wp-block-qubely-wrapper qubely-block-469257\"><div class=\"qubely-block-wrapper-block\">\n<div class=\"wp-block-qubely-image qubely-block-98f6c3\"><div class=\"qubely-block-image  qubely-image-layout-simple\"><div class=\"qubely-image-media qubely-vertical-alignment-center qubely-horizontal-alignment-center\"><figure><div class=\"qubely-image-container\"><a href=\"https:\/\/www.vomat.de\/wp-content\/uploads\/2021\/05\/fa480960_web_es.pdf\" target=\"_blank\" rel=\"noopener noreferrer\"><img decoding=\"async\" class=\"qubely-image-image\" src=\"https:\/\/www.vomat.de\/wp-content\/uploads\/2020\/12\/FA-960-ohne-Pumpen-2-e1607985831807.jpg\" alt=\"\"\/><\/a><\/div><\/figure><\/div><\/div><\/div>\n\n\n\n<div class=\"wp-block-qubely-heading qubely-block-b93159\"><div class=\"qubely-block-heading  qubely-has-separator qubely-separator-position-top\"><div class=\"qubely-heading-container\"><div class=\"qubely-separator qubely-separator-before\"><span class=\"qubely-separator-type-css qubely-separator-solid\"><\/span><\/div><h2 class=\"qubely-heading-selector\">Sistemas compactos FA 480-960<\/h2><\/div><\/div><\/div>\n<\/div><\/div>\n\n\n\n<div class=\"wp-block-qubely-wrapper qubely-block-451882\"><div class=\"qubely-block-wrapper-block\">\n<div class=\"wp-block-qubely-image qubely-block-aecc8e\"><div class=\"qubely-block-image  qubely-image-layout-simple\"><div class=\"qubely-image-media qubely-vertical-alignment-center qubely-horizontal-alignment-center\"><figure><div class=\"qubely-image-container\"><a href=\"https:\/\/www.vomat.de\/wp-content\/uploads\/2021\/05\/fa1500_web_es.pdf\" target=\"_blank\" rel=\"noopener noreferrer\"><img decoding=\"async\" class=\"qubely-image-image\" src=\"https:\/\/www.vomat.de\/wp-content\/uploads\/2020\/12\/FA-1500-CAD-Bild-e1607986347254.jpg\" alt=\"\"\/><\/a><\/div><\/figure><\/div><\/div><\/div>\n\n\n\n<div class=\"wp-block-qubely-heading qubely-block-8f8993\"><div class=\"qubely-block-heading  qubely-has-separator qubely-separator-position-top\"><div class=\"qubely-heading-container\"><div class=\"qubely-separator qubely-separator-before\"><span class=\"qubely-separator-type-css qubely-separator-solid\"><\/span><\/div><h2 class=\"qubely-heading-selector\">Sistema compacto KFA 1500<\/h2><\/div><\/div><\/div>\n<\/div><\/div>\n\n\n\n<div class=\"wp-block-qubely-wrapper qubely-block-7e355b\"><div class=\"qubely-block-wrapper-block\">\n<div class=\"wp-block-qubely-image qubely-block-3e257a\"><div class=\"qubely-block-image  qubely-image-layout-simple\"><div class=\"qubely-image-media qubely-vertical-alignment-center qubely-horizontal-alignment-center\"><figure><div class=\"qubely-image-container\"><a href=\"https:\/\/www.vomat.de\/wp-content\/uploads\/2022\/09\/web-mds-en.pdf\" target=\"_blank\" rel=\"noopener noreferrer\"><img decoding=\"async\" class=\"qubely-image-image\" src=\"https:\/\/www.vomat.de\/wp-content\/uploads\/2022\/09\/mds.jpg\" alt=\"\"\/><\/a><\/div><\/figure><\/div><\/div><\/div>\n\n\n\n<div class=\"wp-block-qubely-heading qubely-block-161bee\"><div class=\"qubely-block-heading  qubely-has-separator qubely-separator-position-top\"><div class=\"qubely-heading-container\"><div class=\"qubely-separator qubely-separator-before\"><span class=\"qubely-separator-type-css qubely-separator-solid\"><\/span><\/div><h2 class=\"qubely-heading-selector\">MDS<\/h2><\/div><\/div><\/div>\n<\/div><\/div>\n\n\n\n<p><\/p>\n<\/div><\/div>\n<\/div><\/div><\/div>\n\n\n\n<div class=\"wp-block-qubely-row alignwide qubely-section qubely-block-418ee9\"><div class=\"qubely-row-overlay\"><\/div><div class=\"qubely-container-fluid\"><div class=\"qubely-row\">\n<div class=\"wp-block-qubely-column qubely-column qubely-column-front qubely-block-095e61\"><div class=\"qubely-column-inner\">\n<div class=\"wp-block-qubely-image qubely-block-d23b3a\"><div class=\"qubely-block-image  qubely-image-layout-simple\"><div class=\"qubely-image-media qubely-vertical-alignment-center qubely-horizontal-alignment-center\"><figure><div class=\"qubely-image-container\"><img decoding=\"async\" class=\"qubely-image-image\" src=\"https:\/\/www.vomat.de\/wp-content\/uploads\/2020\/04\/fa960_1-scaled.jpg\" alt=\"\"\/><\/div><\/figure><\/div><\/div><\/div>\n<\/div><\/div>\n\n\n\n<div class=\"wp-block-qubely-column qubely-column qubely-column-front qubely-block-f17163\"><div class=\"qubely-column-inner\">\n<div class=\"wp-block-qubely-heading qubely-block-46db3d\"><div class=\"qubely-block-heading  qubely-has-separator qubely-separator-position-bottom\"><div class=\"qubely-heading-container\"><h2 class=\"qubely-heading-selector\">Sistemas de filtraci\u00f3n Vomat <\/h2><div class=\"qubely-separator qubely-separator-after\"><span class=\"qubely-separator-type-css qubely-separator-solid\"><\/span><\/div><\/div><h5 class=\"qubely-sub-heading-selector\">al punto:<\/h5><\/div><\/div>\n\n\n\n<div class=\"wp-block-qubely-advancedlist qubely-block-b0f6e6\"><div class=\"qubely-block-advanced-list  qubely-alignment-left\"><ul class=\"qubely-list qubely-list-type-unordered qubely-list-bullet-check-circle\"><li>Ideal para la filtraci\u00f3n de part\u00edculas finas del aceite (esmerilado, bru\u00f1ido, lapeado, erosi\u00f3n, etc.)<\/li><li>Filtraci\u00f3n de flujo completo a demanda en el proceso de retrolavado con ciclo autom\u00e1tico en funci\u00f3n de la cantidad de impurezas.<\/li><li>Bomba de filtro regulada para la filtraci\u00f3n en funci\u00f3n de la demanda (balance energ\u00e9tico positivo).<\/li><li>No es necesario el uso de complementos filtrantes gracias a los filtros de precapa.<\/li><li>Dise\u00f1o modular desde la soluci\u00f3n individual hasta el sistema central.<\/li><li>Dise\u00f1o de sistema compacto, claro y de f\u00e1cil de mantener.<\/li><li>Diversas opciones de refrigeraci\u00f3n, eliminaci\u00f3n de residuos y mucho m\u00e1s.<\/li><\/ul><\/div><\/div>\n\n\n\n<p><\/p>\n<\/div><\/div>\n<\/div><\/div><\/div>\n\n\n\n<div style=\"height:100px\" aria-hidden=\"true\" class=\"wp-block-spacer\"><\/div>","protected":false},"excerpt":{"rendered":"","protected":false},"author":1,"featured_media":0,"parent":0,"menu_order":0,"comment_status":"closed","ping_status":"closed","template":"","meta":{"qubely_global_settings":"","qubely_interactions":"","footnotes":""},"class_list":["post-1847","page","type-page","status-publish","hentry"],"blocksy_meta":{"styles_descriptor":{"styles":{"desktop":"","tablet":"","mobile":""},"google_fonts":[],"version":6}},"_links":{"self":[{"href":"https:\/\/www.vomat.de\/es\/wp-json\/wp\/v2\/pages\/1847","targetHints":{"allow":["GET"]}}],"collection":[{"href":"https:\/\/www.vomat.de\/es\/wp-json\/wp\/v2\/pages"}],"about":[{"href":"https:\/\/www.vomat.de\/es\/wp-json\/wp\/v2\/types\/page"}],"author":[{"embeddable":true,"href":"https:\/\/www.vomat.de\/es\/wp-json\/wp\/v2\/users\/1"}],"replies":[{"embeddable":true,"href":"https:\/\/www.vomat.de\/es\/wp-json\/wp\/v2\/comments?post=1847"}],"version-history":[{"count":22,"href":"https:\/\/www.vomat.de\/es\/wp-json\/wp\/v2\/pages\/1847\/revisions"}],"predecessor-version":[{"id":3743,"href":"https:\/\/www.vomat.de\/es\/wp-json\/wp\/v2\/pages\/1847\/revisions\/3743"}],"wp:attachment":[{"href":"https:\/\/www.vomat.de\/es\/wp-json\/wp\/v2\/media?parent=1847"}],"curies":[{"name":"wp","href":"https:\/\/api.w.org\/{rel}","templated":true}]}}