{"id":1843,"date":"2020-04-18T20:25:58","date_gmt":"2020-04-18T18:25:58","guid":{"rendered":"http:\/\/new.vomat.de\/?page_id=1843"},"modified":"2026-01-23T19:20:31","modified_gmt":"2026-01-23T18:20:31","slug":"home","status":"publish","type":"page","link":"https:\/\/www.vomat.de\/es\/","title":{"rendered":"Home"},"content":{"rendered":"<div class=\"wp-block-qubely-row alignfull qubely-section qubely-block-d8aebb\"><div class=\"qubely-row-overlay\"><\/div><div class=\"qubely-container\"><div class=\"qubely-row\">\n<div class=\"wp-block-qubely-column qubely-column qubely-column-front qubely-block-d75166\"><div class=\"qubely-column-inner\">\n<div class=\"wp-block-qubely-row qubely-section qubely-block-b4b3ca\"><div class=\"qubely-row-overlay\"><\/div><div class=\"qubely-container-fluid\"><div class=\"qubely-row\">\n<div class=\"wp-block-qubely-column qubely-column qubely-column-front qubely-block-7a423e\"><div class=\"qubely-column-inner\"><\/div><\/div>\n\n\n\n<div class=\"wp-block-qubely-column qubely-column qubely-column-front qubely-block-7be3be\"><div class=\"qubely-column-inner\">\n<div class=\"wp-block-qubely-heading qubely-block-233b3a\" data-qubelyanimation=\"{&quot;animation&quot;:&quot;fade&quot;,&quot;name&quot;:&quot;fadeDown&quot;,&quot;repeat&quot;:&quot;once&quot;,&quot;direction&quot;:&quot;Down&quot;,&quot;duration&quot;:&quot;1300&quot;,&quot;delay&quot;:0,&quot;curve&quot;:&quot;ease-in-out&quot;,&quot;openAnimation&quot;:1}\" id=\"1-willkommen-bei-\"><div class=\"qubely-block-heading  qubely-has-separator qubely-separator-position-bottom\"><div class=\"qubely-heading-container\"><h2 class=\"qubely-heading-selector\">Bienvenido a <\/h2><div class=\"qubely-separator qubely-separator-after\"><span class=\"qubely-separator-type-css qubely-separator-solid\"><\/span><\/div><\/div><\/div><\/div>\n\n\n\n<div class=\"wp-block-qubely-image qubely-block-64b043\" data-qubelyanimation=\"{&quot;animation&quot;:&quot;fade&quot;,&quot;name&quot;:&quot;fadeDown&quot;,&quot;repeat&quot;:&quot;once&quot;,&quot;direction&quot;:&quot;Down&quot;,&quot;duration&quot;:&quot;1300&quot;,&quot;delay&quot;:0,&quot;curve&quot;:&quot;ease-in-out&quot;,&quot;openAnimation&quot;:1}\"><div class=\"qubely-block-image  qubely-image-layout-simple\"><div class=\"qubely-image-media qubely-vertical-alignment-center qubely-horizontal-alignment-center\"><figure><div class=\"qubely-image-container\"><img decoding=\"async\" class=\"qubely-image-image\" src=\"https:\/\/www.vomat.de\/wp-content\/uploads\/2020\/12\/Web-Logo-Orange-DE-e1608481245276.png\" alt=\"\"\/><\/div><\/figure><\/div><\/div><\/div>\n<\/div><\/div>\n\n\n\n<div class=\"wp-block-qubely-column qubely-column qubely-column-front qubely-block-4b975d\"><div class=\"qubely-column-inner\"><\/div><\/div>\n<\/div><\/div><\/div>\n\n\n\n<div class=\"wp-block-qubely-row qubely-section qubely-block-002287\"><div class=\"qubely-row-overlay\"><\/div><div class=\"qubely-container-fluid\"><div class=\"qubely-row\">\n<div class=\"wp-block-qubely-column qubely-column qubely-column-front qubely-block-b13657\"><div class=\"qubely-column-inner\"><\/div><\/div>\n\n\n\n<div class=\"wp-block-qubely-column qubely-column qubely-column-front qubely-block-baa2c7\"><div class=\"qubely-column-inner\"><\/div><\/div>\n\n\n\n<div class=\"wp-block-qubely-column qubely-column qubely-column-front qubely-block-9f91d5\"><div class=\"qubely-column-inner\"><\/div><\/div>\n<\/div><\/div><\/div>\n<\/div><\/div>\n<\/div><\/div><\/div>\n\n\n\n<div class=\"wp-block-qubely-row alignfull qubely-section qubely-block-2de3b3\"><div class=\"qubely-row-overlay\"><\/div><div class=\"qubely-container\"><div class=\"qubely-row\">\n<div class=\"wp-block-qubely-column qubely-column qubely-column-front qubely-block-7649c6\"><div class=\"qubely-column-inner\">\n<div class=\"wp-block-qubely-image qubely-block-41c4de\" data-qubelyanimation=\"{&quot;animation&quot;:&quot;fade&quot;,&quot;name&quot;:&quot;fadeLeft&quot;,&quot;repeat&quot;:&quot;once&quot;,&quot;direction&quot;:&quot;Left&quot;,&quot;duration&quot;:1000,&quot;delay&quot;:0,&quot;curve&quot;:&quot;ease-in-out&quot;,&quot;openAnimation&quot;:1}\"><div class=\"qubely-block-image  qubely-image-layout-simple\"><div class=\"qubely-image-media qubely-vertical-alignment-center qubely-horizontal-alignment-center\"><figure><div class=\"qubely-image-container\"><img decoding=\"async\" class=\"qubely-image-image\" src=\"https:\/\/www.vomat.de\/wp-content\/uploads\/2020\/04\/fa960_1-scaled.jpg\" alt=\"\"\/><\/div><\/figure><\/div><\/div><\/div>\n<\/div><\/div>\n\n\n\n<div class=\"wp-block-qubely-column qubely-column qubely-column-front qubely-block-f3a6a7\"><div class=\"qubely-column-inner\">\n<div class=\"wp-block-qubely-heading qubely-block-21d91c\" data-qubelyanimation=\"{&quot;animation&quot;:&quot;fade&quot;,&quot;name&quot;:&quot;fadeUp&quot;,&quot;repeat&quot;:&quot;once&quot;,&quot;direction&quot;:&quot;Up&quot;,&quot;duration&quot;:1000,&quot;delay&quot;:0,&quot;curve&quot;:&quot;ease-in-out&quot;,&quot;openAnimation&quot;:1}\" id=\"2-produkte\"><div class=\"qubely-block-heading  qubely-has-separator qubely-separator-position-bottom\"><div class=\"qubely-heading-container\"><h2 class=\"qubely-heading-selector\">PRODUCTOS<\/h2><div class=\"qubely-separator qubely-separator-after\"><span class=\"qubely-separator-type-css qubely-separator-solid\"><\/span><\/div><\/div><\/div><\/div>\n\n\n\n<div class=\"wp-block-qubely-text qubely-block-431987\" data-qubelyanimation=\"{&quot;animation&quot;:&quot;fade&quot;,&quot;name&quot;:&quot;fadeRight&quot;,&quot;repeat&quot;:&quot;once&quot;,&quot;direction&quot;:&quot;Right&quot;,&quot;duration&quot;:1000,&quot;delay&quot;:0,&quot;curve&quot;:&quot;ease-in-out&quot;,&quot;openAnimation&quot;:1}\"><div class=\"qubely-block-text\"><div class=\"qubely-block-text-title-container  qubely-separator-position-top\"><div class=\"qubely-block-text-title-inner\"><h4 class=\"qubely-block-text-title\">\u00bfPor qu\u00e9 los sistemas de microfiltraci\u00f3n Vomat?<\/h4><\/div><\/div><p class=\"translation-block\">En muchas ramas de la industria metal\u00fargica se solicitan refrigerantes de gran pureza (NAS 7\/8 o 3-5 \u00b5m respectivamente). Para lograr este objetivo, se han probado diferentes tecnolog\u00edas. Con el fin de encontrar una soluci\u00f3n rentable e ideal para sus necesidades, hemos desarrollado, en colaboraci\u00f3n con fabricantes de m\u00e1quinas,  herramientas y empresas dedicadas al trabajo del metal, los sistemas de filtrado Vomat.<br><br>Nuestra experiencia con las m\u00e1s diversas composiciones de materiales garantiza su \u00e9xito. Adem\u00e1s, hemos dise\u00f1ado soluciones en el rango de tolerancia de hasta +\/- 0,5 K para la refrigeraci\u00f3n adecuada de su lubricante refrigerante, para lograr la calidad \u00f3ptima de su producto.<\/p><\/div><\/div>\n\n\n\n<div class=\"wp-block-qubely-button qubely-block-c4be75\" data-qubelyanimation=\"{&quot;animation&quot;:&quot;fade&quot;,&quot;name&quot;:&quot;fadeUp&quot;,&quot;repeat&quot;:&quot;once&quot;,&quot;direction&quot;:&quot;Up&quot;,&quot;duration&quot;:1000,&quot;delay&quot;:0,&quot;curve&quot;:&quot;ease-in-out&quot;,&quot;openAnimation&quot;:1}\"><div class=\"qubely-block-btn-wrapper\"><div class=\"qubely-block-btn\"><a class=\"qubely-block-btn-anchor is-custom\" href=\"#\">M\u00e1s<\/a><\/div><\/div><\/div>\n<\/div><\/div>\n<\/div><\/div><\/div>\n\n\n\n<div class=\"wp-block-qubely-row alignfull qubely-section qubely-block-1831b8\"><div class=\"qubely-row-overlay\"><\/div><div class=\"qubely-container\"><div class=\"qubely-row\">\n<div class=\"wp-block-qubely-column qubely-column qubely-column-front qubely-block-f5219d\"><div class=\"qubely-column-inner\">\n<div class=\"wp-block-qubely-row qubely-section qubely-block-657d5c\"><div class=\"qubely-row-overlay\"><\/div><div class=\"qubely-container-fluid\"><div class=\"qubely-row\">\n<div class=\"wp-block-qubely-column qubely-column qubely-column-front qubely-block-5b2e25\"><div class=\"qubely-column-inner\">\n<div class=\"wp-block-qubely-heading qubely-block-2f4f0c\" data-qubelyanimation=\"{&quot;animation&quot;:&quot;fade&quot;,&quot;name&quot;:&quot;fadeLeft&quot;,&quot;repeat&quot;:&quot;once&quot;,&quot;direction&quot;:&quot;Left&quot;,&quot;duration&quot;:1000,&quot;delay&quot;:0,&quot;curve&quot;:&quot;ease-in-out&quot;,&quot;openAnimation&quot;:1}\" id=\"2--filtersysteme-der-zukunft-\"><div class=\"qubely-block-heading  qubely-has-separator qubely-separator-position-bottom\"><div class=\"qubely-heading-container\"><h2 class=\"qubely-heading-selector\">SISTEMAS DE FILTRACI\u00d3N DEL FUTURO<\/h2><div class=\"qubely-separator qubely-separator-after\"><span class=\"qubely-separator-type-css qubely-separator-solid\"><\/span><\/div><\/div><\/div><\/div>\n\n\n\n<div class=\"wp-block-qubely-text qubely-block-88424a\" data-qubelyanimation=\"{&quot;animation&quot;:&quot;fade&quot;,&quot;name&quot;:&quot;fadeLeft&quot;,&quot;repeat&quot;:&quot;once&quot;,&quot;direction&quot;:&quot;Left&quot;,&quot;duration&quot;:1000,&quot;delay&quot;:&quot;300&quot;,&quot;curve&quot;:&quot;ease-in-out&quot;,&quot;openAnimation&quot;:1}\"><div class=\"qubely-block-text\"><p>Le ofrecemos un concepto individualizado para la filtraci\u00f3n de lubricantes refrigerantes y su refrigeraci\u00f3n para los procesos de rectificado en la industria de procesamiento de metales, as\u00ed como soluciones personalizadas para otras \u00e1reas de materiales.<\/p><\/div><\/div>\n\n\n\n<div class=\"wp-block-qubely-button qubely-block-558f41\" data-qubelyanimation=\"{&quot;animation&quot;:&quot;fade&quot;,&quot;name&quot;:&quot;fadeUp&quot;,&quot;repeat&quot;:&quot;once&quot;,&quot;direction&quot;:&quot;Up&quot;,&quot;duration&quot;:1000,&quot;delay&quot;:0,&quot;curve&quot;:&quot;ease-in-out&quot;,&quot;openAnimation&quot;:1}\"><div class=\"qubely-block-btn-wrapper\"><div class=\"qubely-block-btn\"><a class=\"qubely-block-btn-anchor is-large\" href=\"#\">M\u00e1s<\/a><\/div><\/div><\/div>\n<\/div><\/div>\n\n\n\n<div class=\"wp-block-qubely-column qubely-column qubely-column-front qubely-block-3b12e1\"><div class=\"qubely-column-inner\">\n<div class=\"wp-block-qubely-infobox qubely-block-0c5f3b\" data-qubelyanimation=\"{&quot;animation&quot;:&quot;fade&quot;,&quot;name&quot;:&quot;fadeUp&quot;,&quot;repeat&quot;:&quot;once&quot;,&quot;direction&quot;:&quot;Up&quot;,&quot;duration&quot;:1000,&quot;delay&quot;:0,&quot;curve&quot;:&quot;ease-in-out&quot;,&quot;openAnimation&quot;:1}\"><div class=\"qubely-block-info-box  qubely-info-box-layout-2\"><div class=\"qubely-info-box-media qubely-media-has-bg\"><i class=\"qubely-info-box-icon fas fa-charging-station\"><\/i><\/div><div class=\"qubely-info-box-body\"><div class=\"qubely-info-box-title-container qubely-has-separator qubely-separator-position-top\"><div class=\"qubely-info-box-title-inner\"><div class=\"qubely-separator qubely-separator-before\"><span class=\"qubely-separator-type-css qubely-separator-solid\"><\/span><\/div><h4 class=\"qubely-info-box-title\">EFFICIENCIA ENERG\u00c9TICA<\/h4><\/div><\/div><\/div><\/div><\/div>\n\n\n\n<div class=\"wp-block-qubely-infobox qubely-block-6ef41c\" data-qubelyanimation=\"{&quot;animation&quot;:&quot;fade&quot;,&quot;name&quot;:&quot;fadeUp&quot;,&quot;repeat&quot;:&quot;once&quot;,&quot;direction&quot;:&quot;Up&quot;,&quot;duration&quot;:1000,&quot;delay&quot;:&quot;200&quot;,&quot;curve&quot;:&quot;ease-in-out&quot;,&quot;openAnimation&quot;:1}\"><div class=\"qubely-block-info-box  qubely-info-box-layout-2\"><div class=\"qubely-info-box-media qubely-media-has-bg\"><i class=\"qubely-info-box-icon fas fa-cubes\"><\/i><\/div><div class=\"qubely-info-box-body\"><div class=\"qubely-info-box-title-container qubely-has-separator qubely-separator-position-top\"><div class=\"qubely-info-box-title-inner\"><div class=\"qubely-separator qubely-separator-before\"><span class=\"qubely-separator-type-css qubely-separator-solid\"><\/span><\/div><h4 class=\"qubely-info-box-title\">MODULAR<\/h4><\/div><\/div><\/div><\/div><\/div>\n\n\n\n<div class=\"wp-block-qubely-infobox qubely-block-d7f058\" data-qubelyanimation=\"{&quot;animation&quot;:&quot;fade&quot;,&quot;name&quot;:&quot;fadeUp&quot;,&quot;repeat&quot;:&quot;once&quot;,&quot;direction&quot;:&quot;Up&quot;,&quot;duration&quot;:1000,&quot;delay&quot;:&quot;400&quot;,&quot;curve&quot;:&quot;ease-in-out&quot;,&quot;openAnimation&quot;:1}\"><div class=\"qubely-block-info-box  qubely-info-box-layout-2\"><div class=\"qubely-info-box-media qubely-media-has-bg\"><i class=\"qubely-info-box-icon fas fa-compress-arrows-alt\"><\/i><\/div><div class=\"qubely-info-box-body\"><div class=\"qubely-info-box-title-container qubely-has-separator qubely-separator-position-top\"><div class=\"qubely-info-box-title-inner\"><div class=\"qubely-separator qubely-separator-before\"><span class=\"qubely-separator-type-css qubely-separator-solid\"><\/span><\/div><h4 class=\"qubely-info-box-title\">EQUIPO COMPACTO<\/h4><\/div><\/div><\/div><\/div><\/div>\n<\/div><\/div>\n<\/div><\/div><\/div>\n<\/div><\/div>\n<\/div><\/div><\/div>\n\n\n\n<div class=\"wp-block-qubely-row alignfull qubely-section qubely-block-120e61\"><div class=\"qubely-row-overlay\"><\/div><div class=\"qubely-container\"><div class=\"qubely-row\">\n<div class=\"wp-block-qubely-column qubely-column qubely-column-front qubely-block-9db959\"><div class=\"qubely-column-inner\">\n<div class=\"wp-block-qubely-heading qubely-block-c628d8\" data-qubelyanimation=\"{&quot;animation&quot;:&quot;fade&quot;,&quot;name&quot;:&quot;fadeDown&quot;,&quot;repeat&quot;:&quot;once&quot;,&quot;direction&quot;:&quot;Down&quot;,&quot;duration&quot;:1000,&quot;delay&quot;:0,&quot;curve&quot;:&quot;ease-in-out&quot;,&quot;openAnimation&quot;:1}\" id=\"4-aktuelles\"><div class=\"qubely-block-heading  qubely-has-separator qubely-separator-position-bottom\"><div class=\"qubely-heading-container\"><h2 class=\"qubely-heading-selector\">NOVEDADES<\/h2><div class=\"qubely-separator qubely-separator-after\"><span class=\"qubely-separator-type-css qubely-separator-solid\"><\/span><\/div><\/div><\/div><\/div>\n\n\n\n<div class=\"wp-block-qubely-row qubely-section qubely-block-dccb6a\"><div class=\"qubely-row-overlay\"><\/div><div class=\"qubely-container-fluid\"><div class=\"qubely-row\">\n<div class=\"wp-block-qubely-column qubely-column qubely-column-front qubely-block-0d1db5\"><div class=\"qubely-column-inner\">\n<div class=\"wp-block-qubely-infobox qubely-block-5e4aec\" data-qubelyanimation=\"{&quot;animation&quot;:&quot;fade&quot;,&quot;name&quot;:&quot;fadeCenter&quot;,&quot;repeat&quot;:&quot;once&quot;,&quot;direction&quot;:&quot;Center&quot;,&quot;duration&quot;:&quot;1300&quot;,&quot;delay&quot;:0,&quot;curve&quot;:&quot;ease-in-out&quot;,&quot;openAnimation&quot;:1}\"><div class=\"qubely-block-info-box  qubely-info-box-layout-1\"><div class=\"qubely-info-box-media qubely-media-has-bg\"><i class=\"qubely-info-box-icon far fa-calendar-check\"><\/i><\/div><div class=\"qubely-info-box-body\"><div class=\"qubely-info-box-title-container  qubely-separator-position-top\"><div class=\"qubely-info-box-title-inner\"><h2 class=\"qubely-info-box-title\"><strong>FERIAS COMERCIALES<\/strong><\/h2><\/div><\/div><div class=\"qubely-info-box-content\"><div class=\"qubely-info-box-text\"><\/div><\/div><div class=\"qubely-block-btn-wrapper\"><div class=\"qubely-block-btn\"><a class=\"qubely-block-btn-anchor is-large\" href=\"https:\/\/www.vomat.de\/es\/ferias-comerciales\/\">M\u00e1s<\/a><\/div><\/div><\/div><\/div><\/div>\n<\/div><\/div>\n\n\n\n<div class=\"wp-block-qubely-column qubely-column qubely-column-front qubely-block-237db8\"><div class=\"qubely-column-inner\">\n<div class=\"wp-block-qubely-infobox qubely-block-b53137\" data-qubelyanimation=\"{&quot;animation&quot;:&quot;fade&quot;,&quot;name&quot;:&quot;fadeCenter&quot;,&quot;repeat&quot;:&quot;once&quot;,&quot;direction&quot;:&quot;Center&quot;,&quot;duration&quot;:1000,&quot;delay&quot;:0,&quot;curve&quot;:&quot;ease-in-out&quot;,&quot;openAnimation&quot;:1}\"><div class=\"qubely-block-info-box  qubely-info-box-layout-1\"><div class=\"qubely-info-box-media qubely-media-has-bg\"><i class=\"qubely-info-box-icon far fa-newspaper\"><\/i><\/div><div class=\"qubely-info-box-body\"><div class=\"qubely-info-box-title-container  qubely-separator-position-top\"><div class=\"qubely-info-box-title-inner\"><h2 class=\"qubely-info-box-title\"><strong>PRENSA<\/strong><\/h2><\/div><\/div><div class=\"qubely-info-box-content\"><div class=\"qubely-info-box-text\"><\/div><\/div><div class=\"qubely-block-btn-wrapper\"><div class=\"qubely-block-btn\"><a class=\"qubely-block-btn-anchor is-large\" href=\"https:\/\/www.vomat.de\/es\/prensa\/\">M\u00e1s<\/a><\/div><\/div><\/div><\/div><\/div>\n<\/div><\/div>\n<\/div><\/div><\/div>\n<\/div><\/div>\n<\/div><\/div><\/div>\n\n\n\n<div class=\"wp-block-qubely-row alignfull qubely-section qubely-block-4f0d18\"><div class=\"qubely-row-overlay\"><\/div><div class=\"qubely-container\"><div class=\"qubely-row\">\n<div class=\"wp-block-qubely-column qubely-column qubely-column-front qubely-block-4eca26\"><div class=\"qubely-column-inner\">\n<div class=\"wp-block-qubely-wrapper qubely-block-1690ff\" data-qubelyanimation=\"{&quot;animation&quot;:&quot;fade&quot;,&quot;name&quot;:&quot;fadeLeft&quot;,&quot;repeat&quot;:&quot;once&quot;,&quot;direction&quot;:&quot;Left&quot;,&quot;duration&quot;:1000,&quot;delay&quot;:0,&quot;curve&quot;:&quot;ease-in-out&quot;,&quot;openAnimation&quot;:1}\"><div class=\"qubely-block-wrapper-block\">\n<div class=\"wp-block-qubely-infobox qubely-block-08bd55\"><div class=\"qubely-block-info-box  qubely-info-box-layout-1\"><div class=\"qubely-info-box-media qubely-media-has-bg\"><img decoding=\"async\" class=\"qubely-info-box-image\" src=\"https:\/\/www.vomat.de\/wp-content\/uploads\/2020\/04\/fdpw-logo.png\" srcset=\"\" alt=\"\"\/><\/div><div class=\"qubely-info-box-body\"><div class=\"qubely-info-box-title-container  qubely-separator-position-top\"><div class=\"qubely-info-box-title-inner\"><h5 class=\"qubely-info-box-title\"><strong>Membres\u00edas<\/strong><\/h5><\/div><\/div><div class=\"qubely-info-box-content\"><div class=\"qubely-info-box-text\">Somos miembros de la Asociaci\u00f3n Alemana de Rectificadoras de Herramientas de Precisi\u00f3n.<\/div><\/div><div class=\"qubely-block-btn-wrapper\"><div class=\"qubely-block-btn\"><a class=\"qubely-block-btn-anchor is-medium\" href=\"https:\/\/www.vomat.de\/wp-content\/uploads\/2020\/04\/FDPW_Mitgliedsurkunde.pdf\" target=\"_blank\" rel=\"noopener noreferrer\">M\u00e1s<\/a><\/div><\/div><\/div><\/div><\/div>\n<\/div><\/div>\n<\/div><\/div>\n\n\n\n<div class=\"wp-block-qubely-column qubely-column qubely-column-front qubely-block-19bea9\"><div class=\"qubely-column-inner\">\n<div class=\"wp-block-qubely-wrapper qubely-block-a8fff2\" data-qubelyanimation=\"{&quot;animation&quot;:&quot;fade&quot;,&quot;name&quot;:&quot;fadeRight&quot;,&quot;repeat&quot;:&quot;once&quot;,&quot;direction&quot;:&quot;Right&quot;,&quot;duration&quot;:1000,&quot;delay&quot;:0,&quot;curve&quot;:&quot;ease-in-out&quot;,&quot;openAnimation&quot;:1}\"><div class=\"qubely-block-wrapper-block\">\n<div class=\"wp-block-qubely-infobox qubely-block-14be54\"><div class=\"qubely-block-info-box  qubely-info-box-layout-1\"><div class=\"qubely-info-box-media qubely-media-has-bg\"><img decoding=\"async\" class=\"qubely-info-box-image\" src=\"https:\/\/www.vomat.de\/wp-content\/uploads\/2020\/04\/EU_ESF_Logo_SN.png\" srcset=\"\" alt=\"\"\/><\/div><div class=\"qubely-info-box-body\"><div class=\"qubely-info-box-title-container  qubely-separator-position-top\"><div class=\"qubely-info-box-title-inner\"><h5 class=\"qubely-info-box-title\"><strong>Fondo Social Europeo<\/strong><\/h5><\/div><\/div><div class=\"qubely-info-box-content\"><div class=\"qubely-info-box-text\">Nos apoyan los fondos p\u00fablicos basados en el presupuesto aprobado por el Parlamento del Estado de Sajonia.<\/div><\/div><div class=\"qubely-block-btn-wrapper\"><div class=\"qubely-block-btn\"><a class=\"qubely-block-btn-anchor is-medium\" href=\"http:\/\/www.strukturfonds.sachsen.de\/europaeischer-sozialfonds-esf.html\" target=\"_blank\" rel=\"nofollow noopener noreferrer\">M\u00e1s<\/a><\/div><\/div><\/div><\/div><\/div>\n<\/div><\/div>\n<\/div><\/div>\n<\/div><\/div><\/div>\n\n\n\n<p>Vomat<\/p>","protected":false},"excerpt":{"rendered":"<p>Vomat<\/p>","protected":false},"author":1,"featured_media":0,"parent":0,"menu_order":0,"comment_status":"closed","ping_status":"closed","template":"","meta":{"qubely_global_settings":"","qubely_interactions":"","footnotes":""},"class_list":["post-1843","page","type-page","status-publish","hentry"],"blocksy_meta":{"styles_descriptor":{"styles":{"desktop":"","tablet":"","mobile":""},"google_fonts":[],"version":6}},"_links":{"self":[{"href":"https:\/\/www.vomat.de\/es\/wp-json\/wp\/v2\/pages\/1843","targetHints":{"allow":["GET"]}}],"collection":[{"href":"https:\/\/www.vomat.de\/es\/wp-json\/wp\/v2\/pages"}],"about":[{"href":"https:\/\/www.vomat.de\/es\/wp-json\/wp\/v2\/types\/page"}],"author":[{"embeddable":true,"href":"https:\/\/www.vomat.de\/es\/wp-json\/wp\/v2\/users\/1"}],"replies":[{"embeddable":true,"href":"https:\/\/www.vomat.de\/es\/wp-json\/wp\/v2\/comments?post=1843"}],"version-history":[{"count":80,"href":"https:\/\/www.vomat.de\/es\/wp-json\/wp\/v2\/pages\/1843\/revisions"}],"predecessor-version":[{"id":3860,"href":"https:\/\/www.vomat.de\/es\/wp-json\/wp\/v2\/pages\/1843\/revisions\/3860"}],"wp:attachment":[{"href":"https:\/\/www.vomat.de\/es\/wp-json\/wp\/v2\/media?parent=1843"}],"curies":[{"name":"wp","href":"https:\/\/api.w.org\/{rel}","templated":true}]}}